{"id":997,"date":"2025-05-03T17:10:05","date_gmt":"2025-05-03T17:10:05","guid":{"rendered":"https:\/\/bolsasdepapel.com.pe\/tienda\/visera-1premium\/"},"modified":"2025-05-03T17:13:43","modified_gmt":"2025-05-03T17:13:43","slug":"visera-1premium","status":"publish","type":"product","link":"https:\/\/bolsasdepapel.com.pe\/tienda\/visera-1premium\/","title":{"rendered":"VISERA 1PREMIUM"},"content":{"rendered":"<p>Destaca tu marca con nuestra gorra de Drill en talla est\u00e1ndar, confeccionada con un material resistente y de alta calidad. Cuenta con regulador de pl\u00e1stico para un ajuste c\u00f3modo y seguro, ideal para uso diario o promocional. Personal\u00edzala con impresi\u00f3n de 1 hasta 3 colores y lleva tu logo o mensaje con estilo. Disponible en paquetes de 25 unidades, es la elecci\u00f3n perfecta para campa\u00f1as, eventos o dotaciones corporativas. \u00a1Una gorra funcional, duradera y 100% personalizable!<\/p>\n<hr \/>\n<hr \/>\n<h4>\ud83d\udce6 Precios por volumen<\/h4>\n<table>\n<thead>\n<tr>\n<th>Cantidad<\/th>\n<th>Precio unitario<\/th>\n<\/tr>\n<\/thead>\n<tbody>\n<tr>\n<td>50<\/td>\n<td>S\/6.9<\/td>\n<\/tr>\n<tr>\n<td>100<\/td>\n<td>S\/5.98<\/td>\n<\/tr>\n<tr>\n<td>250<\/td>\n<td>S\/5.98<\/td>\n<\/tr>\n<tr>\n<td>500<\/td>\n<td>S\/3.91<\/td>\n<\/tr>\n<tr>\n<td>1000<\/td>\n<td>S\/3.91<\/td>\n<\/tr>\n<tr>\n<td>3000<\/td>\n<td>S\/3.68<\/td>\n<\/tr>\n<tr>\n<td>5000<\/td>\n<td>S\/3.68<\/td>\n<\/tr>\n<\/tbody>\n<\/table>\n","protected":false},"excerpt":{"rendered":"<p>Destaca tu marca con nuestra gorra de Drill en talla est\u00e1ndar, confeccionada con un material resistente y de alta calidad. Cuenta con regulador de pl\u00e1stico para un ajuste c\u00f3modo y seguro, ideal para uso diario o promocional. Personal\u00edzala con impresi\u00f3n de 1 hasta 3 colores y lleva tu logo o mensaje con estilo. Disponible en paquetes de 25 unidades, es la elecci\u00f3n perfecta para campa\u00f1as, eventos o dotaciones corporativas. \u00a1Una gorra funcional, duradera y 100% personalizable!<\/p>\n","protected":false},"featured_media":998,"comment_status":"closed","ping_status":"open","template":"","meta":[],"product_brand":[],"product_cat":[71],"product_tag":[],"class_list":{"0":"post-997","1":"product","2":"type-product","3":"status-publish","4":"has-post-thumbnail","6":"product_cat-catalogo-2025","7":"sales-flash-overlay","8":"woocommerce-text-align-left","9":"woocommerce-image-align-center","10":"do-quantity-buttons","11":"wc-has-gallery","13":"first","14":"instock","15":"sale","16":"purchasable","17":"product-type-simple"},"jetpack_sharing_enabled":true,"_links":{"self":[{"href":"https:\/\/bolsasdepapel.com.pe\/tienda\/wp-json\/wp\/v2\/product\/997","targetHints":{"allow":["GET"]}}],"collection":[{"href":"https:\/\/bolsasdepapel.com.pe\/tienda\/wp-json\/wp\/v2\/product"}],"about":[{"href":"https:\/\/bolsasdepapel.com.pe\/tienda\/wp-json\/wp\/v2\/types\/product"}],"replies":[{"embeddable":true,"href":"https:\/\/bolsasdepapel.com.pe\/tienda\/wp-json\/wp\/v2\/comments?post=997"}],"wp:featuredmedia":[{"embeddable":true,"href":"https:\/\/bolsasdepapel.com.pe\/tienda\/wp-json\/wp\/v2\/media\/998"}],"wp:attachment":[{"href":"https:\/\/bolsasdepapel.com.pe\/tienda\/wp-json\/wp\/v2\/media?parent=997"}],"wp:term":[{"taxonomy":"product_brand","embeddable":true,"href":"https:\/\/bolsasdepapel.com.pe\/tienda\/wp-json\/wp\/v2\/product_brand?post=997"},{"taxonomy":"product_cat","embeddable":true,"href":"https:\/\/bolsasdepapel.com.pe\/tienda\/wp-json\/wp\/v2\/product_cat?post=997"},{"taxonomy":"product_tag","embeddable":true,"href":"https:\/\/bolsasdepapel.com.pe\/tienda\/wp-json\/wp\/v2\/product_tag?post=997"}],"curies":[{"name":"wp","href":"https:\/\/api.w.org\/{rel}","templated":true}]}}