{"id":983,"date":"2025-05-03T17:10:05","date_gmt":"2025-05-03T17:10:05","guid":{"rendered":"https:\/\/bolsasdepapel.com.pe\/tienda\/gorra-drill-premium\/"},"modified":"2025-05-03T17:12:49","modified_gmt":"2025-05-03T17:12:49","slug":"gorra-drill-premium","status":"publish","type":"product","link":"https:\/\/bolsasdepapel.com.pe\/tienda\/gorra-drill-premium\/","title":{"rendered":"GORRA DRILL PREMIUM"},"content":{"rendered":"<p>Luce profesional y con estilo con nuestra gorra de Drill en talla est\u00e1ndar, ideal para uso promocional o corporativo. Fabricada en un material resistente y duradero, cuenta con regulador de pl\u00e1stico para un ajuste c\u00f3modo y seguro. Personal\u00edzala con impresi\u00f3n de 1 hasta 3 colores para que tu logo o mensaje destaque con fuerza. Disponible en paquetes de 25 unidades, es la opci\u00f3n perfecta para dar visibilidad a tu marca con calidad y presencia.<\/p>\n<hr \/>\n<hr \/>\n<h4>\ud83d\udce6 Precios por volumen<\/h4>\n<table>\n<thead>\n<tr>\n<th>Cantidad<\/th>\n<th>Precio unitario<\/th>\n<\/tr>\n<\/thead>\n<tbody>\n<tr>\n<td>50<\/td>\n<td>S\/17.25<\/td>\n<\/tr>\n<tr>\n<td>100<\/td>\n<td>S\/14.38<\/td>\n<\/tr>\n<tr>\n<td>250<\/td>\n<td>S\/14.38<\/td>\n<\/tr>\n<tr>\n<td>500<\/td>\n<td>S\/13.8<\/td>\n<\/tr>\n<tr>\n<td>1000<\/td>\n<td>S\/13.8<\/td>\n<\/tr>\n<tr>\n<td>3000<\/td>\n<td>S\/12.19<\/td>\n<\/tr>\n<tr>\n<td>5000<\/td>\n<td>S\/12.19<\/td>\n<\/tr>\n<\/tbody>\n<\/table>\n","protected":false},"excerpt":{"rendered":"<p>Luce profesional y con estilo con nuestra gorra de Drill en talla est\u00e1ndar, ideal para uso promocional o corporativo. Fabricada en un material resistente y duradero, cuenta con regulador de pl\u00e1stico para un ajuste c\u00f3modo y seguro. Personal\u00edzala con impresi\u00f3n de 1 hasta 3 colores para que tu logo o mensaje destaque con fuerza. Disponible en paquetes de 25 unidades, es la opci\u00f3n perfecta para dar visibilidad a tu marca con calidad y presencia.<\/p>\n","protected":false},"featured_media":984,"comment_status":"closed","ping_status":"open","template":"","meta":[],"product_brand":[],"product_cat":[71],"product_tag":[],"class_list":{"0":"post-983","1":"product","2":"type-product","3":"status-publish","4":"has-post-thumbnail","6":"product_cat-catalogo-2025","7":"sales-flash-overlay","8":"woocommerce-text-align-left","9":"woocommerce-image-align-center","10":"do-quantity-buttons","11":"wc-has-gallery","13":"first","14":"instock","15":"sale","16":"purchasable","17":"product-type-simple"},"jetpack_sharing_enabled":true,"_links":{"self":[{"href":"https:\/\/bolsasdepapel.com.pe\/tienda\/wp-json\/wp\/v2\/product\/983","targetHints":{"allow":["GET"]}}],"collection":[{"href":"https:\/\/bolsasdepapel.com.pe\/tienda\/wp-json\/wp\/v2\/product"}],"about":[{"href":"https:\/\/bolsasdepapel.com.pe\/tienda\/wp-json\/wp\/v2\/types\/product"}],"replies":[{"embeddable":true,"href":"https:\/\/bolsasdepapel.com.pe\/tienda\/wp-json\/wp\/v2\/comments?post=983"}],"wp:featuredmedia":[{"embeddable":true,"href":"https:\/\/bolsasdepapel.com.pe\/tienda\/wp-json\/wp\/v2\/media\/984"}],"wp:attachment":[{"href":"https:\/\/bolsasdepapel.com.pe\/tienda\/wp-json\/wp\/v2\/media?parent=983"}],"wp:term":[{"taxonomy":"product_brand","embeddable":true,"href":"https:\/\/bolsasdepapel.com.pe\/tienda\/wp-json\/wp\/v2\/product_brand?post=983"},{"taxonomy":"product_cat","embeddable":true,"href":"https:\/\/bolsasdepapel.com.pe\/tienda\/wp-json\/wp\/v2\/product_cat?post=983"},{"taxonomy":"product_tag","embeddable":true,"href":"https:\/\/bolsasdepapel.com.pe\/tienda\/wp-json\/wp\/v2\/product_tag?post=983"}],"curies":[{"name":"wp","href":"https:\/\/api.w.org\/{rel}","templated":true}]}}