{"id":969,"date":"2025-05-03T17:10:05","date_gmt":"2025-05-03T17:10:05","guid":{"rendered":"https:\/\/bolsasdepapel.com.pe\/tienda\/gorra-safari\/"},"modified":"2025-05-03T17:11:58","modified_gmt":"2025-05-03T17:11:58","slug":"gorra-safari","status":"publish","type":"product","link":"https:\/\/bolsasdepapel.com.pe\/tienda\/gorra-safari\/","title":{"rendered":"GORRA SAFARI"},"content":{"rendered":"<p>Refuerza tu identidad de marca con nuestra gorra de Drill en talla est\u00e1ndar, dise\u00f1ada para ofrecer resistencia, comodidad y un estilo cl\u00e1sico. Personal\u00edzala con impresi\u00f3n de 1 hasta 3 colores para destacar tu logo o dise\u00f1o, y elige la driza en el mismo color del gorro para un acabado uniforme y profesional. Disponible en paquetes de 25 unidades, es la opci\u00f3n ideal para promociones, eventos o uso corporativo. \u00a1Una gorra vers\u00e1til y con presencia, hecha para destacar!<\/p>\n<hr \/>\n<hr \/>\n<h4>\ud83d\udce6 Precios por volumen<\/h4>\n<table>\n<thead>\n<tr>\n<th>Cantidad<\/th>\n<th>Precio unitario<\/th>\n<\/tr>\n<\/thead>\n<tbody>\n<tr>\n<td>50<\/td>\n<td>S\/16.1<\/td>\n<\/tr>\n<tr>\n<td>100<\/td>\n<td>S\/13.8<\/td>\n<\/tr>\n<tr>\n<td>250<\/td>\n<td>S\/13.8<\/td>\n<\/tr>\n<tr>\n<td>500<\/td>\n<td>S\/9.66<\/td>\n<\/tr>\n<tr>\n<td>1000<\/td>\n<td>S\/9.66<\/td>\n<\/tr>\n<tr>\n<td>3000<\/td>\n<td>S\/8.74<\/td>\n<\/tr>\n<tr>\n<td>5000<\/td>\n<td>S\/8.74<\/td>\n<\/tr>\n<\/tbody>\n<\/table>\n","protected":false},"excerpt":{"rendered":"<p>Refuerza tu identidad de marca con nuestra gorra de Drill en talla est\u00e1ndar, dise\u00f1ada para ofrecer resistencia, comodidad y un estilo cl\u00e1sico. Personal\u00edzala con impresi\u00f3n de 1 hasta 3 colores para destacar tu logo o dise\u00f1o, y elige la driza en el mismo color del gorro para un acabado uniforme y profesional. Disponible en paquetes de 25 unidades, es la opci\u00f3n ideal para promociones, eventos o uso corporativo. \u00a1Una gorra vers\u00e1til y con presencia, hecha para destacar!<\/p>\n","protected":false},"featured_media":970,"comment_status":"closed","ping_status":"open","template":"","meta":[],"product_brand":[],"product_cat":[71],"product_tag":[],"class_list":{"0":"post-969","1":"product","2":"type-product","3":"status-publish","4":"has-post-thumbnail","6":"product_cat-catalogo-2025","7":"sales-flash-overlay","8":"woocommerce-text-align-left","9":"woocommerce-image-align-center","10":"do-quantity-buttons","11":"wc-has-gallery","13":"first","14":"instock","15":"sale","16":"purchasable","17":"product-type-simple"},"jetpack_sharing_enabled":true,"_links":{"self":[{"href":"https:\/\/bolsasdepapel.com.pe\/tienda\/wp-json\/wp\/v2\/product\/969","targetHints":{"allow":["GET"]}}],"collection":[{"href":"https:\/\/bolsasdepapel.com.pe\/tienda\/wp-json\/wp\/v2\/product"}],"about":[{"href":"https:\/\/bolsasdepapel.com.pe\/tienda\/wp-json\/wp\/v2\/types\/product"}],"replies":[{"embeddable":true,"href":"https:\/\/bolsasdepapel.com.pe\/tienda\/wp-json\/wp\/v2\/comments?post=969"}],"wp:featuredmedia":[{"embeddable":true,"href":"https:\/\/bolsasdepapel.com.pe\/tienda\/wp-json\/wp\/v2\/media\/970"}],"wp:attachment":[{"href":"https:\/\/bolsasdepapel.com.pe\/tienda\/wp-json\/wp\/v2\/media?parent=969"}],"wp:term":[{"taxonomy":"product_brand","embeddable":true,"href":"https:\/\/bolsasdepapel.com.pe\/tienda\/wp-json\/wp\/v2\/product_brand?post=969"},{"taxonomy":"product_cat","embeddable":true,"href":"https:\/\/bolsasdepapel.com.pe\/tienda\/wp-json\/wp\/v2\/product_cat?post=969"},{"taxonomy":"product_tag","embeddable":true,"href":"https:\/\/bolsasdepapel.com.pe\/tienda\/wp-json\/wp\/v2\/product_tag?post=969"}],"curies":[{"name":"wp","href":"https:\/\/api.w.org\/{rel}","templated":true}]}}