{"id":962,"date":"2025-05-03T17:10:05","date_gmt":"2025-05-03T17:10:05","guid":{"rendered":"https:\/\/bolsasdepapel.com.pe\/tienda\/gorra-drill-publicitaria\/"},"modified":"2025-05-03T17:11:32","modified_gmt":"2025-05-03T17:11:32","slug":"gorra-drill-publicitaria","status":"publish","type":"product","link":"https:\/\/bolsasdepapel.com.pe\/tienda\/gorra-drill-publicitaria\/","title":{"rendered":"GORRA DRILL PUBLICITARIA"},"content":{"rendered":"<p>Proyecta una imagen profesional y duradera con nuestra gorra de Drill, en talla est\u00e1ndar y con regulador de pl\u00e1stico para un ajuste c\u00f3modo y seguro. Ideal para personalizaci\u00f3n con impresi\u00f3n de uno hasta tres colores, esta gorra es perfecta para destacar tu logo o mensaje con estilo. Su resistencia y excelente acabado la hacen ideal para uso promocional, corporativo o comercial. Disponible en paquetes de 25 unidades, es la elecci\u00f3n pr\u00e1ctica y efectiva para reforzar tu marca.<\/p>\n<hr \/>\n<hr \/>\n<h4>\ud83d\udce6 Precios por volumen<\/h4>\n<table>\n<thead>\n<tr>\n<th>Cantidad<\/th>\n<th>Precio unitario<\/th>\n<\/tr>\n<\/thead>\n<tbody>\n<tr>\n<td>50<\/td>\n<td>S\/14.95<\/td>\n<\/tr>\n<tr>\n<td>100<\/td>\n<td>S\/13.8<\/td>\n<\/tr>\n<tr>\n<td>250<\/td>\n<td>S\/13.8<\/td>\n<\/tr>\n<tr>\n<td>500<\/td>\n<td>S\/9.66<\/td>\n<\/tr>\n<tr>\n<td>1000<\/td>\n<td>S\/9.66<\/td>\n<\/tr>\n<tr>\n<td>3000<\/td>\n<td>S\/8.74<\/td>\n<\/tr>\n<tr>\n<td>5000<\/td>\n<td>S\/8.74<\/td>\n<\/tr>\n<\/tbody>\n<\/table>\n","protected":false},"excerpt":{"rendered":"<p>Proyecta una imagen profesional y duradera con nuestra gorra de Drill, en talla est\u00e1ndar y con regulador de pl\u00e1stico para un ajuste c\u00f3modo y seguro. Ideal para personalizaci\u00f3n con impresi\u00f3n de uno hasta tres colores, esta gorra es perfecta para destacar tu logo o mensaje con estilo. Su resistencia y excelente acabado la hacen ideal para uso promocional, corporativo o comercial. Disponible en paquetes de 25 unidades, es la elecci\u00f3n pr\u00e1ctica y efectiva para reforzar tu marca.<\/p>\n","protected":false},"featured_media":963,"comment_status":"closed","ping_status":"open","template":"","meta":[],"product_brand":[],"product_cat":[71],"product_tag":[],"class_list":{"0":"post-962","1":"product","2":"type-product","3":"status-publish","4":"has-post-thumbnail","6":"product_cat-catalogo-2025","7":"sales-flash-overlay","8":"woocommerce-text-align-left","9":"woocommerce-image-align-center","10":"do-quantity-buttons","11":"wc-has-gallery","13":"first","14":"instock","15":"sale","16":"purchasable","17":"product-type-simple"},"jetpack_sharing_enabled":true,"_links":{"self":[{"href":"https:\/\/bolsasdepapel.com.pe\/tienda\/wp-json\/wp\/v2\/product\/962","targetHints":{"allow":["GET"]}}],"collection":[{"href":"https:\/\/bolsasdepapel.com.pe\/tienda\/wp-json\/wp\/v2\/product"}],"about":[{"href":"https:\/\/bolsasdepapel.com.pe\/tienda\/wp-json\/wp\/v2\/types\/product"}],"replies":[{"embeddable":true,"href":"https:\/\/bolsasdepapel.com.pe\/tienda\/wp-json\/wp\/v2\/comments?post=962"}],"wp:featuredmedia":[{"embeddable":true,"href":"https:\/\/bolsasdepapel.com.pe\/tienda\/wp-json\/wp\/v2\/media\/963"}],"wp:attachment":[{"href":"https:\/\/bolsasdepapel.com.pe\/tienda\/wp-json\/wp\/v2\/media?parent=962"}],"wp:term":[{"taxonomy":"product_brand","embeddable":true,"href":"https:\/\/bolsasdepapel.com.pe\/tienda\/wp-json\/wp\/v2\/product_brand?post=962"},{"taxonomy":"product_cat","embeddable":true,"href":"https:\/\/bolsasdepapel.com.pe\/tienda\/wp-json\/wp\/v2\/product_cat?post=962"},{"taxonomy":"product_tag","embeddable":true,"href":"https:\/\/bolsasdepapel.com.pe\/tienda\/wp-json\/wp\/v2\/product_tag?post=962"}],"curies":[{"name":"wp","href":"https:\/\/api.w.org\/{rel}","templated":true}]}}