{"id":955,"date":"2025-05-03T17:10:05","date_gmt":"2025-05-03T17:10:05","guid":{"rendered":"https:\/\/bolsasdepapel.com.pe\/tienda\/gorra-grifero\/"},"modified":"2025-05-03T17:11:10","modified_gmt":"2025-05-03T17:11:10","slug":"gorra-grifero","status":"publish","type":"product","link":"https:\/\/bolsasdepapel.com.pe\/tienda\/gorra-grifero\/","title":{"rendered":"GORRA GRIFERO"},"content":{"rendered":"<p>Luce tu marca con estilo y comodidad con nuestra gorra de Taslan, en talla est\u00e1ndar y dise\u00f1ada para ajustarse f\u00e1cilmente gracias a su regulador tipo pega pega. Con opci\u00f3n de impresi\u00f3n en uno hasta tres colores, podr\u00e1s personalizarla con tu logo o mensaje de forma clara y llamativa. Su acabado de calidad y presentaci\u00f3n en paquetes de 25 unidades la convierten en la opci\u00f3n ideal para eventos, promociones o uniformes corporativos. \u00a1Una gorra resistente, vers\u00e1til y con tu sello personal!<\/p>\n<hr \/>\n<hr \/>\n<h4>\ud83d\udce6 Precios por volumen<\/h4>\n<table>\n<thead>\n<tr>\n<th>Cantidad<\/th>\n<th>Precio unitario<\/th>\n<\/tr>\n<\/thead>\n<tbody>\n<tr>\n<td>50<\/td>\n<td>S\/6.9<\/td>\n<\/tr>\n<tr>\n<td>100<\/td>\n<td>S\/5.98<\/td>\n<\/tr>\n<tr>\n<td>250<\/td>\n<td>S\/5.98<\/td>\n<\/tr>\n<tr>\n<td>500<\/td>\n<td>S\/3.91<\/td>\n<\/tr>\n<tr>\n<td>1000<\/td>\n<td>S\/3.91<\/td>\n<\/tr>\n<tr>\n<td>3000<\/td>\n<td>S\/3.68<\/td>\n<\/tr>\n<tr>\n<td>5000<\/td>\n<td>S\/3.68<\/td>\n<\/tr>\n<\/tbody>\n<\/table>\n","protected":false},"excerpt":{"rendered":"<p>Luce tu marca con estilo y comodidad con nuestra gorra de Taslan, en talla est\u00e1ndar y dise\u00f1ada para ajustarse f\u00e1cilmente gracias a su regulador tipo pega pega. Con opci\u00f3n de impresi\u00f3n en uno hasta tres colores, podr\u00e1s personalizarla con tu logo o mensaje de forma clara y llamativa. Su acabado de calidad y presentaci\u00f3n en paquetes de 25 unidades la convierten en la opci\u00f3n ideal para eventos, promociones o uniformes corporativos. \u00a1Una gorra resistente, vers\u00e1til y con tu sello personal!<\/p>\n","protected":false},"featured_media":956,"comment_status":"closed","ping_status":"open","template":"","meta":[],"product_brand":[],"product_cat":[71],"product_tag":[],"class_list":{"0":"post-955","1":"product","2":"type-product","3":"status-publish","4":"has-post-thumbnail","6":"product_cat-catalogo-2025","7":"sales-flash-overlay","8":"woocommerce-text-align-left","9":"woocommerce-image-align-center","10":"do-quantity-buttons","11":"wc-has-gallery","13":"first","14":"instock","15":"sale","16":"purchasable","17":"product-type-simple"},"jetpack_sharing_enabled":true,"_links":{"self":[{"href":"https:\/\/bolsasdepapel.com.pe\/tienda\/wp-json\/wp\/v2\/product\/955","targetHints":{"allow":["GET"]}}],"collection":[{"href":"https:\/\/bolsasdepapel.com.pe\/tienda\/wp-json\/wp\/v2\/product"}],"about":[{"href":"https:\/\/bolsasdepapel.com.pe\/tienda\/wp-json\/wp\/v2\/types\/product"}],"replies":[{"embeddable":true,"href":"https:\/\/bolsasdepapel.com.pe\/tienda\/wp-json\/wp\/v2\/comments?post=955"}],"wp:featuredmedia":[{"embeddable":true,"href":"https:\/\/bolsasdepapel.com.pe\/tienda\/wp-json\/wp\/v2\/media\/956"}],"wp:attachment":[{"href":"https:\/\/bolsasdepapel.com.pe\/tienda\/wp-json\/wp\/v2\/media?parent=955"}],"wp:term":[{"taxonomy":"product_brand","embeddable":true,"href":"https:\/\/bolsasdepapel.com.pe\/tienda\/wp-json\/wp\/v2\/product_brand?post=955"},{"taxonomy":"product_cat","embeddable":true,"href":"https:\/\/bolsasdepapel.com.pe\/tienda\/wp-json\/wp\/v2\/product_cat?post=955"},{"taxonomy":"product_tag","embeddable":true,"href":"https:\/\/bolsasdepapel.com.pe\/tienda\/wp-json\/wp\/v2\/product_tag?post=955"}],"curies":[{"name":"wp","href":"https:\/\/api.w.org\/{rel}","templated":true}]}}