{"id":941,"date":"2025-05-03T17:10:05","date_gmt":"2025-05-03T17:10:05","guid":{"rendered":"https:\/\/bolsasdepapel.com.pe\/tienda\/cartuchera-tocuyo\/"},"modified":"2025-05-03T17:10:40","modified_gmt":"2025-05-03T17:10:40","slug":"cartuchera-tocuyo","status":"publish","type":"product","link":"https:\/\/bolsasdepapel.com.pe\/tienda\/cartuchera-tocuyo\/","title":{"rendered":"CARTUCHERA TOCUYO"},"content":{"rendered":"<p>Optimiza la presentaci\u00f3n de tu marca con nuestra bolsa de Tocuyo de 14.5&#215;19.5 cm, perfecta para peque\u00f1as promociones o empaques. Con impresi\u00f3n full color, puedes personalizarla completamente para resaltar tu logo o mensaje. Su cierre nacional asegura que tus productos est\u00e9n seguros y protegidos. Viene en paquetes de 25 unidades, lo que la convierte en una opci\u00f3n pr\u00e1ctica y econ\u00f3mica para tu negocio. \u00a1Una soluci\u00f3n compacta, funcional y de calidad para que tu marca se vea incre\u00edble!<\/p>\n<hr \/>\n<hr \/>\n<h4>\ud83d\udce6 Precios por volumen<\/h4>\n<table>\n<thead>\n<tr>\n<th>Cantidad<\/th>\n<th>Precio unitario<\/th>\n<\/tr>\n<\/thead>\n<tbody>\n<tr>\n<td>50<\/td>\n<td>S\/4.52<\/td>\n<\/tr>\n<tr>\n<td>100<\/td>\n<td>S\/3.75<\/td>\n<\/tr>\n<tr>\n<td>250<\/td>\n<td>S\/3.75<\/td>\n<\/tr>\n<tr>\n<td>500<\/td>\n<td>S\/3.29<\/td>\n<\/tr>\n<tr>\n<td>1000<\/td>\n<td>S\/3.29<\/td>\n<\/tr>\n<tr>\n<td>3000<\/td>\n<td>S\/3.16<\/td>\n<\/tr>\n<tr>\n<td>5000<\/td>\n<td>S\/3.16<\/td>\n<\/tr>\n<\/tbody>\n<\/table>\n","protected":false},"excerpt":{"rendered":"<p>Optimiza la presentaci\u00f3n de tu marca con nuestra bolsa de Tocuyo de 14.5&#215;19.5 cm, perfecta para peque\u00f1as promociones o empaques. Con impresi\u00f3n full color, puedes personalizarla completamente para resaltar tu logo o mensaje. Su cierre nacional asegura que tus productos est\u00e9n seguros y protegidos. Viene en paquetes de 25 unidades, lo que la convierte en una opci\u00f3n pr\u00e1ctica y econ\u00f3mica para tu negocio. \u00a1Una soluci\u00f3n compacta, funcional y de calidad para que tu marca se vea incre\u00edble!<\/p>\n","protected":false},"featured_media":942,"comment_status":"closed","ping_status":"open","template":"","meta":[],"product_brand":[],"product_cat":[71],"product_tag":[],"class_list":{"0":"post-941","1":"product","2":"type-product","3":"status-publish","4":"has-post-thumbnail","6":"product_cat-catalogo-2025","7":"sales-flash-overlay","8":"woocommerce-text-align-left","9":"woocommerce-image-align-center","10":"do-quantity-buttons","11":"wc-has-gallery","13":"first","14":"instock","15":"sale","16":"purchasable","17":"product-type-simple"},"jetpack_sharing_enabled":true,"_links":{"self":[{"href":"https:\/\/bolsasdepapel.com.pe\/tienda\/wp-json\/wp\/v2\/product\/941","targetHints":{"allow":["GET"]}}],"collection":[{"href":"https:\/\/bolsasdepapel.com.pe\/tienda\/wp-json\/wp\/v2\/product"}],"about":[{"href":"https:\/\/bolsasdepapel.com.pe\/tienda\/wp-json\/wp\/v2\/types\/product"}],"replies":[{"embeddable":true,"href":"https:\/\/bolsasdepapel.com.pe\/tienda\/wp-json\/wp\/v2\/comments?post=941"}],"wp:featuredmedia":[{"embeddable":true,"href":"https:\/\/bolsasdepapel.com.pe\/tienda\/wp-json\/wp\/v2\/media\/942"}],"wp:attachment":[{"href":"https:\/\/bolsasdepapel.com.pe\/tienda\/wp-json\/wp\/v2\/media?parent=941"}],"wp:term":[{"taxonomy":"product_brand","embeddable":true,"href":"https:\/\/bolsasdepapel.com.pe\/tienda\/wp-json\/wp\/v2\/product_brand?post=941"},{"taxonomy":"product_cat","embeddable":true,"href":"https:\/\/bolsasdepapel.com.pe\/tienda\/wp-json\/wp\/v2\/product_cat?post=941"},{"taxonomy":"product_tag","embeddable":true,"href":"https:\/\/bolsasdepapel.com.pe\/tienda\/wp-json\/wp\/v2\/product_tag?post=941"}],"curies":[{"name":"wp","href":"https:\/\/api.w.org\/{rel}","templated":true}]}}