{"id":929,"date":"2025-05-03T17:06:24","date_gmt":"2025-05-03T17:06:24","guid":{"rendered":"https:\/\/bolsasdepapel.com.pe\/tienda\/bolsa-notex-asa-colgante-30358\/"},"modified":"2025-05-03T17:09:01","modified_gmt":"2025-05-03T17:09:01","slug":"bolsa-notex-asa-colgante-30358","status":"publish","type":"product","link":"https:\/\/bolsasdepapel.com.pe\/tienda\/bolsa-notex-asa-colgante-30358\/","title":{"rendered":"BOLSA NOTEX ASA COLGANTE 30*35*8"},"content":{"rendered":"<p>Presenta tu marca con estilo y funcionalidad con nuestra bolsa de Notex 85gr de 30x35x8 cm. Con impresi\u00f3n en un solo color en una cara, podr\u00e1s mostrar tu logo o mensaje de forma clara y profesional. Su asa colgante de Notex le da una ventaja pr\u00e1ctica, facilitando su transporte o exhibici\u00f3n. Viene en paquetes de 50 unidades, lo que la convierte en una opci\u00f3n econ\u00f3mica y eficiente para negocios, promociones o eventos. \u00a1La combinaci\u00f3n perfecta de accesibilidad y visibilidad para tu marca!<\/p>\n<hr \/>\n<hr \/>\n<h4>\ud83d\udce6 Precios por volumen<\/h4>\n<table>\n<thead>\n<tr>\n<th>Cantidad<\/th>\n<th>Precio unitario<\/th>\n<\/tr>\n<\/thead>\n<tbody>\n<tr>\n<td>50<\/td>\n<td>S\/<\/td>\n<\/tr>\n<tr>\n<td>100<\/td>\n<td>S\/<\/td>\n<\/tr>\n<tr>\n<td>250<\/td>\n<td>S\/<\/td>\n<\/tr>\n<tr>\n<td>500<\/td>\n<td>S\/2.88<\/td>\n<\/tr>\n<tr>\n<td>1000<\/td>\n<td>S\/2.88<\/td>\n<\/tr>\n<tr>\n<td>3000<\/td>\n<td>S\/2.19<\/td>\n<\/tr>\n<tr>\n<td>5000<\/td>\n<td>S\/2.19<\/td>\n<\/tr>\n<\/tbody>\n<\/table>\n","protected":false},"excerpt":{"rendered":"<p>Presenta tu marca con estilo y funcionalidad con nuestra bolsa de Notex 85gr de 30x35x8 cm. Con impresi\u00f3n en un solo color en una cara, podr\u00e1s mostrar tu logo o mensaje de forma clara y profesional. Su asa colgante de Notex le da una ventaja pr\u00e1ctica, facilitando su transporte o exhibici\u00f3n. Viene en paquetes de 50 unidades, lo que la convierte en una opci\u00f3n econ\u00f3mica y eficiente para negocios, promociones o eventos. \u00a1La combinaci\u00f3n perfecta de accesibilidad y visibilidad para tu marca!<\/p>\n","protected":false},"featured_media":0,"comment_status":"closed","ping_status":"open","template":"","meta":[],"product_brand":[],"product_cat":[71],"product_tag":[],"class_list":{"0":"post-929","1":"product","2":"type-product","3":"status-publish","5":"product_cat-catalogo-2025","6":"sales-flash-overlay","7":"woocommerce-text-align-left","8":"woocommerce-image-align-center","9":"do-quantity-buttons","11":"first","12":"instock","13":"product-type-simple"},"jetpack_sharing_enabled":true,"_links":{"self":[{"href":"https:\/\/bolsasdepapel.com.pe\/tienda\/wp-json\/wp\/v2\/product\/929","targetHints":{"allow":["GET"]}}],"collection":[{"href":"https:\/\/bolsasdepapel.com.pe\/tienda\/wp-json\/wp\/v2\/product"}],"about":[{"href":"https:\/\/bolsasdepapel.com.pe\/tienda\/wp-json\/wp\/v2\/types\/product"}],"replies":[{"embeddable":true,"href":"https:\/\/bolsasdepapel.com.pe\/tienda\/wp-json\/wp\/v2\/comments?post=929"}],"wp:attachment":[{"href":"https:\/\/bolsasdepapel.com.pe\/tienda\/wp-json\/wp\/v2\/media?parent=929"}],"wp:term":[{"taxonomy":"product_brand","embeddable":true,"href":"https:\/\/bolsasdepapel.com.pe\/tienda\/wp-json\/wp\/v2\/product_brand?post=929"},{"taxonomy":"product_cat","embeddable":true,"href":"https:\/\/bolsasdepapel.com.pe\/tienda\/wp-json\/wp\/v2\/product_cat?post=929"},{"taxonomy":"product_tag","embeddable":true,"href":"https:\/\/bolsasdepapel.com.pe\/tienda\/wp-json\/wp\/v2\/product_tag?post=929"}],"curies":[{"name":"wp","href":"https:\/\/api.w.org\/{rel}","templated":true}]}}