{"id":914,"date":"2025-05-03T17:06:24","date_gmt":"2025-05-03T17:06:24","guid":{"rendered":"https:\/\/bolsasdepapel.com.pe\/tienda\/bolsa-notex-asa-colgante-2830\/"},"modified":"2025-05-03T17:07:32","modified_gmt":"2025-05-03T17:07:32","slug":"bolsa-notex-asa-colgante-2830","status":"publish","type":"product","link":"https:\/\/bolsasdepapel.com.pe\/tienda\/bolsa-notex-asa-colgante-2830\/","title":{"rendered":"BOLSA NOTEX ASA COLGANTE 28*30"},"content":{"rendered":"<p>Presenta tu marca de manera sencilla y efectiva con nuestra bolsa de Notex 85gr de 28&#215;30 cm. Con impresi\u00f3n en un solo color en una cara, esta bolsa es ideal para exhibir tu logo o mensaje de forma clara y profesional. Su asa colgante de Notex ofrece comodidad y facilidad para colgarla, ideal para tiendas y eventos. Viene en paquetes de 50 unidades, brind\u00e1ndote una opci\u00f3n accesible y funcional para tus necesidades comerciales. \u00a1Una soluci\u00f3n pr\u00e1ctica y econ\u00f3mica para destacar tu marca con estilo!<\/p>\n<hr \/>\n<hr \/>\n<h4>\ud83d\udce6 Precios por volumen<\/h4>\n<table>\n<thead>\n<tr>\n<th>Cantidad<\/th>\n<th>Precio unitario<\/th>\n<\/tr>\n<\/thead>\n<tbody>\n<tr>\n<td>50<\/td>\n<td>S\/<\/td>\n<\/tr>\n<tr>\n<td>100<\/td>\n<td>S\/2.88<\/td>\n<\/tr>\n<tr>\n<td>250<\/td>\n<td>S\/2.88<\/td>\n<\/tr>\n<tr>\n<td>500<\/td>\n<td>S\/1.67<\/td>\n<\/tr>\n<tr>\n<td>1000<\/td>\n<td>S\/1.67<\/td>\n<\/tr>\n<tr>\n<td>3000<\/td>\n<td>S\/1.5<\/td>\n<\/tr>\n<tr>\n<td>5000<\/td>\n<td>S\/1.5<\/td>\n<\/tr>\n<\/tbody>\n<\/table>\n","protected":false},"excerpt":{"rendered":"<p>Presenta tu marca de manera sencilla y efectiva con nuestra bolsa de Notex 85gr de 28&#215;30 cm. Con impresi\u00f3n en un solo color en una cara, esta bolsa es ideal para exhibir tu logo o mensaje de forma clara y profesional. Su asa colgante de Notex ofrece comodidad y facilidad para colgarla, ideal para tiendas y eventos. Viene en paquetes de 50 unidades, brind\u00e1ndote una opci\u00f3n accesible y funcional para tus necesidades comerciales. \u00a1Una soluci\u00f3n pr\u00e1ctica y econ\u00f3mica para destacar tu marca con estilo!<\/p>\n","protected":false},"featured_media":915,"comment_status":"closed","ping_status":"open","template":"","meta":[],"product_brand":[],"product_cat":[71],"product_tag":[],"class_list":{"0":"post-914","1":"product","2":"type-product","3":"status-publish","4":"has-post-thumbnail","6":"product_cat-catalogo-2025","7":"sales-flash-overlay","8":"woocommerce-text-align-left","9":"woocommerce-image-align-center","10":"do-quantity-buttons","11":"wc-has-gallery","13":"first","14":"instock","15":"product-type-simple"},"jetpack_sharing_enabled":true,"_links":{"self":[{"href":"https:\/\/bolsasdepapel.com.pe\/tienda\/wp-json\/wp\/v2\/product\/914","targetHints":{"allow":["GET"]}}],"collection":[{"href":"https:\/\/bolsasdepapel.com.pe\/tienda\/wp-json\/wp\/v2\/product"}],"about":[{"href":"https:\/\/bolsasdepapel.com.pe\/tienda\/wp-json\/wp\/v2\/types\/product"}],"replies":[{"embeddable":true,"href":"https:\/\/bolsasdepapel.com.pe\/tienda\/wp-json\/wp\/v2\/comments?post=914"}],"wp:featuredmedia":[{"embeddable":true,"href":"https:\/\/bolsasdepapel.com.pe\/tienda\/wp-json\/wp\/v2\/media\/915"}],"wp:attachment":[{"href":"https:\/\/bolsasdepapel.com.pe\/tienda\/wp-json\/wp\/v2\/media?parent=914"}],"wp:term":[{"taxonomy":"product_brand","embeddable":true,"href":"https:\/\/bolsasdepapel.com.pe\/tienda\/wp-json\/wp\/v2\/product_brand?post=914"},{"taxonomy":"product_cat","embeddable":true,"href":"https:\/\/bolsasdepapel.com.pe\/tienda\/wp-json\/wp\/v2\/product_cat?post=914"},{"taxonomy":"product_tag","embeddable":true,"href":"https:\/\/bolsasdepapel.com.pe\/tienda\/wp-json\/wp\/v2\/product_tag?post=914"}],"curies":[{"name":"wp","href":"https:\/\/api.w.org\/{rel}","templated":true}]}}