{"id":912,"date":"2025-05-03T17:06:24","date_gmt":"2025-05-03T17:06:24","guid":{"rendered":"https:\/\/bolsasdepapel.com.pe\/tienda\/bolsa-notex-asa-troquelada-4030\/"},"modified":"2025-05-03T17:06:25","modified_gmt":"2025-05-03T17:06:25","slug":"bolsa-notex-asa-troquelada-4030","status":"publish","type":"product","link":"https:\/\/bolsasdepapel.com.pe\/tienda\/bolsa-notex-asa-troquelada-4030\/","title":{"rendered":"BOLSA NOTEX ASA TROQUELADA 40*30"},"content":{"rendered":"<p>Optimiza tu presencia de marca con nuestra bolsa de Notex 85gr de 40&#215;30 cm, ideal para eventos, promociones o ventas. Con impresi\u00f3n en un solo color en una cara, puedes destacar tu logo o mensaje de manera clara y efectiva. Su asa troquelada brinda comodidad y resistencia para un f\u00e1cil transporte. Viene en paquetes de 50 unidades, lo que la convierte en una opci\u00f3n pr\u00e1ctica y rentable para tus necesidades comerciales. \u00a1Una soluci\u00f3n accesible y funcional para dar visibilidad a tu marca!<\/p>\n<hr \/>\n<hr \/>\n<h4>\ud83d\udce6 Precios por volumen<\/h4>\n<table>\n<thead>\n<tr>\n<th>Cantidad<\/th>\n<th>Precio unitario<\/th>\n<\/tr>\n<\/thead>\n<tbody>\n<tr>\n<td>50<\/td>\n<td>S\/<\/td>\n<\/tr>\n<tr>\n<td>100<\/td>\n<td>S\/2.88<\/td>\n<\/tr>\n<tr>\n<td>250<\/td>\n<td>S\/2.88<\/td>\n<\/tr>\n<tr>\n<td>500<\/td>\n<td>S\/1.67<\/td>\n<\/tr>\n<tr>\n<td>1000<\/td>\n<td>S\/1.67<\/td>\n<\/tr>\n<tr>\n<td>3000<\/td>\n<td>S\/1.5<\/td>\n<\/tr>\n<tr>\n<td>5000<\/td>\n<td>S\/1.5<\/td>\n<\/tr>\n<\/tbody>\n<\/table>\n","protected":false},"excerpt":{"rendered":"<p>Optimiza tu presencia de marca con nuestra bolsa de Notex 85gr de 40&#215;30 cm, ideal para eventos, promociones o ventas. Con impresi\u00f3n en un solo color en una cara, puedes destacar tu logo o mensaje de manera clara y efectiva. Su asa troquelada brinda comodidad y resistencia para un f\u00e1cil transporte. Viene en paquetes de 50 unidades, lo que la convierte en una opci\u00f3n pr\u00e1ctica y rentable para tus necesidades comerciales. \u00a1Una soluci\u00f3n accesible y funcional para dar visibilidad a tu marca!<\/p>\n","protected":false},"featured_media":0,"comment_status":"closed","ping_status":"open","template":"","meta":[],"product_brand":[],"product_cat":[71],"product_tag":[],"class_list":{"0":"post-912","1":"product","2":"type-product","3":"status-publish","5":"product_cat-catalogo-2025","6":"sales-flash-overlay","7":"woocommerce-text-align-left","8":"woocommerce-image-align-center","9":"do-quantity-buttons","11":"first","12":"instock","13":"product-type-simple"},"jetpack_sharing_enabled":true,"_links":{"self":[{"href":"https:\/\/bolsasdepapel.com.pe\/tienda\/wp-json\/wp\/v2\/product\/912","targetHints":{"allow":["GET"]}}],"collection":[{"href":"https:\/\/bolsasdepapel.com.pe\/tienda\/wp-json\/wp\/v2\/product"}],"about":[{"href":"https:\/\/bolsasdepapel.com.pe\/tienda\/wp-json\/wp\/v2\/types\/product"}],"replies":[{"embeddable":true,"href":"https:\/\/bolsasdepapel.com.pe\/tienda\/wp-json\/wp\/v2\/comments?post=912"}],"wp:attachment":[{"href":"https:\/\/bolsasdepapel.com.pe\/tienda\/wp-json\/wp\/v2\/media?parent=912"}],"wp:term":[{"taxonomy":"product_brand","embeddable":true,"href":"https:\/\/bolsasdepapel.com.pe\/tienda\/wp-json\/wp\/v2\/product_brand?post=912"},{"taxonomy":"product_cat","embeddable":true,"href":"https:\/\/bolsasdepapel.com.pe\/tienda\/wp-json\/wp\/v2\/product_cat?post=912"},{"taxonomy":"product_tag","embeddable":true,"href":"https:\/\/bolsasdepapel.com.pe\/tienda\/wp-json\/wp\/v2\/product_tag?post=912"}],"curies":[{"name":"wp","href":"https:\/\/api.w.org\/{rel}","templated":true}]}}