{"id":905,"date":"2025-05-03T16:50:15","date_gmt":"2025-05-03T16:50:15","guid":{"rendered":"https:\/\/bolsasdepapel.com.pe\/tienda\/bolsa-notex-asa-troquelada-3225\/"},"modified":"2025-05-03T16:54:55","modified_gmt":"2025-05-03T16:54:55","slug":"bolsa-notex-asa-troquelada-3225","status":"publish","type":"product","link":"https:\/\/bolsasdepapel.com.pe\/tienda\/bolsa-notex-asa-troquelada-3225\/","title":{"rendered":"BOLSA NOTEX ASA TROQUELADA 32*25"},"content":{"rendered":"<p>Haz que tu marca brille con nuestra bolsa de Notex 85gr de 32&#215;25 cm, una opci\u00f3n econ\u00f3mica y funcional para cualquier evento o negocio. Con impresi\u00f3n en un solo color en una cara, es perfecta para promociones sencillas pero efectivas. Su asa troquelada ofrece comodidad y resistencia para un f\u00e1cil transporte. Adem\u00e1s, al venir en paquetes de 50 unidades, te garantiza un excelente rendimiento a un precio accesible. \u00a1Una opci\u00f3n pr\u00e1ctica y profesional para resaltar tu marca!<\/p>\n<hr \/>\n<hr \/>\n<h4>\ud83d\udce6 Precios por volumen<\/h4>\n<table>\n<thead>\n<tr>\n<th>Cantidad<\/th>\n<th>Precio unitario<\/th>\n<\/tr>\n<\/thead>\n<tbody>\n<tr>\n<td>50<\/td>\n<td>S\/<\/td>\n<\/tr>\n<tr>\n<td>100<\/td>\n<td>S\/<\/td>\n<\/tr>\n<tr>\n<td>250<\/td>\n<td>S\/<\/td>\n<\/tr>\n<tr>\n<td>500<\/td>\n<td>S\/<\/td>\n<\/tr>\n<tr>\n<td>1000<\/td>\n<td>S\/<\/td>\n<\/tr>\n<tr>\n<td>3000<\/td>\n<td>S\/<\/td>\n<\/tr>\n<tr>\n<td>5000<\/td>\n<td>S\/<\/td>\n<\/tr>\n<\/tbody>\n<\/table>\n","protected":false},"excerpt":{"rendered":"<p>Haz que tu marca brille con nuestra bolsa de Notex 85gr de 32&#215;25 cm, una opci\u00f3n econ\u00f3mica y funcional para cualquier evento o negocio. Con impresi\u00f3n en un solo color en una cara, es perfecta para promociones sencillas pero efectivas. Su asa troquelada ofrece comodidad y resistencia para un f\u00e1cil transporte. Adem\u00e1s, al venir en paquetes de 50 unidades, te garantiza un excelente rendimiento a un precio accesible. \u00a1Una opci\u00f3n pr\u00e1ctica y profesional para resaltar tu marca!<\/p>\n","protected":false},"featured_media":906,"comment_status":"closed","ping_status":"open","template":"","meta":[],"product_brand":[],"product_cat":[71],"product_tag":[],"class_list":{"0":"post-905","1":"product","2":"type-product","3":"status-publish","4":"has-post-thumbnail","6":"product_cat-catalogo-2025","7":"sales-flash-overlay","8":"woocommerce-text-align-left","9":"woocommerce-image-align-center","10":"do-quantity-buttons","11":"wc-has-gallery","13":"first","14":"instock","15":"product-type-simple"},"jetpack_sharing_enabled":true,"_links":{"self":[{"href":"https:\/\/bolsasdepapel.com.pe\/tienda\/wp-json\/wp\/v2\/product\/905","targetHints":{"allow":["GET"]}}],"collection":[{"href":"https:\/\/bolsasdepapel.com.pe\/tienda\/wp-json\/wp\/v2\/product"}],"about":[{"href":"https:\/\/bolsasdepapel.com.pe\/tienda\/wp-json\/wp\/v2\/types\/product"}],"replies":[{"embeddable":true,"href":"https:\/\/bolsasdepapel.com.pe\/tienda\/wp-json\/wp\/v2\/comments?post=905"}],"wp:featuredmedia":[{"embeddable":true,"href":"https:\/\/bolsasdepapel.com.pe\/tienda\/wp-json\/wp\/v2\/media\/906"}],"wp:attachment":[{"href":"https:\/\/bolsasdepapel.com.pe\/tienda\/wp-json\/wp\/v2\/media?parent=905"}],"wp:term":[{"taxonomy":"product_brand","embeddable":true,"href":"https:\/\/bolsasdepapel.com.pe\/tienda\/wp-json\/wp\/v2\/product_brand?post=905"},{"taxonomy":"product_cat","embeddable":true,"href":"https:\/\/bolsasdepapel.com.pe\/tienda\/wp-json\/wp\/v2\/product_cat?post=905"},{"taxonomy":"product_tag","embeddable":true,"href":"https:\/\/bolsasdepapel.com.pe\/tienda\/wp-json\/wp\/v2\/product_tag?post=905"}],"curies":[{"name":"wp","href":"https:\/\/api.w.org\/{rel}","templated":true}]}}