{"id":904,"date":"2025-05-03T16:50:15","date_gmt":"2025-05-03T16:50:15","guid":{"rendered":"https:\/\/bolsasdepapel.com.pe\/tienda\/bolsa-tarpulin-525020-impresion-4-caras\/"},"modified":"2025-05-03T16:54:25","modified_gmt":"2025-05-03T16:54:25","slug":"bolsa-tarpulin-525020-impresion-4-caras","status":"publish","type":"product","link":"https:\/\/bolsasdepapel.com.pe\/tienda\/bolsa-tarpulin-525020-impresion-4-caras\/","title":{"rendered":"BOLSA TARPULIN 52*50*20 IMPRESION 4 CARAS"},"content":{"rendered":"<p>Eleva tu imagen con nuestra bolsa de Tarpulin 140gr de 52x50x20 cm, una opci\u00f3n ideal para aquellos que buscan combinar tama\u00f1o y resistencia. Con impresi\u00f3n full color en dos caras y laterales, tendr\u00e1s una personalizaci\u00f3n completa que captar\u00e1 todas las miradas. Su asa de cinta tejida de nylon ofrece durabilidad y comodidad al transportar, mientras que el acabado de calidad asegura que tu bolsa sea tanto funcional como elegante. Viene en paquetes de 20 unidades, lo que la convierte en la elecci\u00f3n perfecta para eventos, promociones o negocios. \u00a1Destaca con estilo y calidad en cada detalle!<\/p>\n<hr \/>\n<hr \/>\n<h4>\ud83d\udce6 Precios por volumen<\/h4>\n<table>\n<thead>\n<tr>\n<th>Cantidad<\/th>\n<th>Precio unitario<\/th>\n<\/tr>\n<\/thead>\n<tbody>\n<tr>\n<td>50<\/td>\n<td>S\/<\/td>\n<\/tr>\n<tr>\n<td>100<\/td>\n<td>S\/2.65<\/td>\n<\/tr>\n<tr>\n<td>250<\/td>\n<td>S\/2.65<\/td>\n<\/tr>\n<tr>\n<td>500<\/td>\n<td>S\/1.5<\/td>\n<\/tr>\n<tr>\n<td>1000<\/td>\n<td>S\/1.5<\/td>\n<\/tr>\n<tr>\n<td>3000<\/td>\n<td>S\/1.32<\/td>\n<\/tr>\n<tr>\n<td>5000<\/td>\n<td>S\/1.32<\/td>\n<\/tr>\n<\/tbody>\n<\/table>\n","protected":false},"excerpt":{"rendered":"<p>Eleva tu imagen con nuestra bolsa de Tarpulin 140gr de 52x50x20 cm, una opci\u00f3n ideal para aquellos que buscan combinar tama\u00f1o y resistencia. Con impresi\u00f3n full color en dos caras y laterales, tendr\u00e1s una personalizaci\u00f3n completa que captar\u00e1 todas las miradas. Su asa de cinta tejida de nylon ofrece durabilidad y comodidad al transportar, mientras que el acabado de calidad asegura que tu bolsa sea tanto funcional como elegante. Viene en paquetes de 20 unidades, lo que la convierte en la elecci\u00f3n perfecta para eventos, promociones o negocios. \u00a1Destaca con estilo y calidad en cada detalle!<\/p>\n","protected":false},"featured_media":0,"comment_status":"closed","ping_status":"open","template":"","meta":[],"product_brand":[],"product_cat":[71],"product_tag":[],"class_list":{"0":"post-904","1":"product","2":"type-product","3":"status-publish","5":"product_cat-catalogo-2025","6":"sales-flash-overlay","7":"woocommerce-text-align-left","8":"woocommerce-image-align-center","9":"do-quantity-buttons","11":"first","12":"instock","13":"product-type-simple"},"jetpack_sharing_enabled":true,"_links":{"self":[{"href":"https:\/\/bolsasdepapel.com.pe\/tienda\/wp-json\/wp\/v2\/product\/904","targetHints":{"allow":["GET"]}}],"collection":[{"href":"https:\/\/bolsasdepapel.com.pe\/tienda\/wp-json\/wp\/v2\/product"}],"about":[{"href":"https:\/\/bolsasdepapel.com.pe\/tienda\/wp-json\/wp\/v2\/types\/product"}],"replies":[{"embeddable":true,"href":"https:\/\/bolsasdepapel.com.pe\/tienda\/wp-json\/wp\/v2\/comments?post=904"}],"wp:attachment":[{"href":"https:\/\/bolsasdepapel.com.pe\/tienda\/wp-json\/wp\/v2\/media?parent=904"}],"wp:term":[{"taxonomy":"product_brand","embeddable":true,"href":"https:\/\/bolsasdepapel.com.pe\/tienda\/wp-json\/wp\/v2\/product_brand?post=904"},{"taxonomy":"product_cat","embeddable":true,"href":"https:\/\/bolsasdepapel.com.pe\/tienda\/wp-json\/wp\/v2\/product_cat?post=904"},{"taxonomy":"product_tag","embeddable":true,"href":"https:\/\/bolsasdepapel.com.pe\/tienda\/wp-json\/wp\/v2\/product_tag?post=904"}],"curies":[{"name":"wp","href":"https:\/\/api.w.org\/{rel}","templated":true}]}}