{"id":903,"date":"2025-05-03T16:50:15","date_gmt":"2025-05-03T16:50:15","guid":{"rendered":"https:\/\/bolsasdepapel.com.pe\/tienda\/bolsa-tarpulin-525020\/"},"modified":"2025-05-03T16:53:54","modified_gmt":"2025-05-03T16:53:54","slug":"bolsa-tarpulin-525020","status":"publish","type":"product","link":"https:\/\/bolsasdepapel.com.pe\/tienda\/bolsa-tarpulin-525020\/","title":{"rendered":"BOLSA TARPULIN 52*50*20"},"content":{"rendered":"<p>Transforma la presentaci\u00f3n de tus productos con nuestra bolsa de Tarpulin 140gr de 52x50x20 cm, dise\u00f1ada para ofrecer amplitud y resistencia. Con impresi\u00f3n full color en dos caras y color \u00fanico en los laterales, esta bolsa te permite una personalizaci\u00f3n total para que tu marca resalte de manera efectiva. Su asa de cinta tejida de nylon garantiza comodidad y durabilidad en el transporte, mientras que el acabado de alta calidad asegura una larga vida \u00fatil. Con paquetes de 20 unidades, es la opci\u00f3n perfecta para negocios y eventos que buscan combinar funcionalidad, estilo y resistencia. \u00a1Haz que tu marca destaque con esta bolsa vers\u00e1til y de gran impacto visual!<\/p>\n<hr \/>\n<hr \/>\n<h4>\ud83d\udce6 Precios por volumen<\/h4>\n<table>\n<thead>\n<tr>\n<th>Cantidad<\/th>\n<th>Precio unitario<\/th>\n<\/tr>\n<\/thead>\n<tbody>\n<tr>\n<td>50<\/td>\n<td>S\/<\/td>\n<\/tr>\n<tr>\n<td>100<\/td>\n<td>S\/<\/td>\n<\/tr>\n<tr>\n<td>250<\/td>\n<td>S\/<\/td>\n<\/tr>\n<tr>\n<td>500<\/td>\n<td>S\/13<\/td>\n<\/tr>\n<tr>\n<td>1000<\/td>\n<td>S\/13<\/td>\n<\/tr>\n<tr>\n<td>3000<\/td>\n<td>S\/12.59<\/td>\n<\/tr>\n<tr>\n<td>5000<\/td>\n<td>S\/12.59<\/td>\n<\/tr>\n<\/tbody>\n<\/table>\n","protected":false},"excerpt":{"rendered":"<p>Transforma la presentaci\u00f3n de tus productos con nuestra bolsa de Tarpulin 140gr de 52x50x20 cm, dise\u00f1ada para ofrecer amplitud y resistencia. Con impresi\u00f3n full color en dos caras y color \u00fanico en los laterales, esta bolsa te permite una personalizaci\u00f3n total para que tu marca resalte de manera efectiva. Su asa de cinta tejida de nylon garantiza comodidad y durabilidad en el transporte, mientras que el acabado de alta calidad asegura una larga vida \u00fatil. Con paquetes de 20 unidades, es la opci\u00f3n perfecta para negocios y eventos que buscan combinar funcionalidad, estilo y resistencia. \u00a1Haz que tu marca destaque con esta bolsa vers\u00e1til y de gran impacto visual!<\/p>\n","protected":false},"featured_media":0,"comment_status":"closed","ping_status":"open","template":"","meta":[],"product_brand":[],"product_cat":[71],"product_tag":[],"class_list":{"0":"post-903","1":"product","2":"type-product","3":"status-publish","5":"product_cat-catalogo-2025","6":"sales-flash-overlay","7":"woocommerce-text-align-left","8":"woocommerce-image-align-center","9":"do-quantity-buttons","11":"first","12":"instock","13":"product-type-simple"},"jetpack_sharing_enabled":true,"_links":{"self":[{"href":"https:\/\/bolsasdepapel.com.pe\/tienda\/wp-json\/wp\/v2\/product\/903","targetHints":{"allow":["GET"]}}],"collection":[{"href":"https:\/\/bolsasdepapel.com.pe\/tienda\/wp-json\/wp\/v2\/product"}],"about":[{"href":"https:\/\/bolsasdepapel.com.pe\/tienda\/wp-json\/wp\/v2\/types\/product"}],"replies":[{"embeddable":true,"href":"https:\/\/bolsasdepapel.com.pe\/tienda\/wp-json\/wp\/v2\/comments?post=903"}],"wp:attachment":[{"href":"https:\/\/bolsasdepapel.com.pe\/tienda\/wp-json\/wp\/v2\/media?parent=903"}],"wp:term":[{"taxonomy":"product_brand","embeddable":true,"href":"https:\/\/bolsasdepapel.com.pe\/tienda\/wp-json\/wp\/v2\/product_brand?post=903"},{"taxonomy":"product_cat","embeddable":true,"href":"https:\/\/bolsasdepapel.com.pe\/tienda\/wp-json\/wp\/v2\/product_cat?post=903"},{"taxonomy":"product_tag","embeddable":true,"href":"https:\/\/bolsasdepapel.com.pe\/tienda\/wp-json\/wp\/v2\/product_tag?post=903"}],"curies":[{"name":"wp","href":"https:\/\/api.w.org\/{rel}","templated":true}]}}