{"id":902,"date":"2025-05-03T16:50:15","date_gmt":"2025-05-03T16:50:15","guid":{"rendered":"https:\/\/bolsasdepapel.com.pe\/tienda\/bolsa-tarpulin-393920-impresion-en-4-caras\/"},"modified":"2025-05-03T16:53:24","modified_gmt":"2025-05-03T16:53:24","slug":"bolsa-tarpulin-393920-impresion-en-4-caras","status":"publish","type":"product","link":"https:\/\/bolsasdepapel.com.pe\/tienda\/bolsa-tarpulin-393920-impresion-en-4-caras\/","title":{"rendered":"BOLSA TARPULIN 39*39*20 IMPRESION EN 4 CARAS"},"content":{"rendered":"<p>Dale un toque profesional y atractivo a tu marca con nuestra bolsa de Tarpulin 140gr de 39x39x20 cm, perfecta para exhibir tus productos con estilo. Con impresi\u00f3n full color en dos caras y en los laterales, puedes lograr una personalizaci\u00f3n total, asegurando una visibilidad completa de tu dise\u00f1o. Su asa de cinta tejida de nylon ofrece una gran resistencia y comodidad al transportar. Con un acabado de calidad y paquetes de 20 unidades, esta bolsa es la opci\u00f3n ideal para tus necesidades comerciales o eventos. \u00a1Destaca con una opci\u00f3n duradera, funcional y visualmente impactante!<\/p>\n<hr \/>\n<hr \/>\n<h4>\ud83d\udce6 Precios por volumen<\/h4>\n<table>\n<thead>\n<tr>\n<th>Cantidad<\/th>\n<th>Precio unitario<\/th>\n<\/tr>\n<\/thead>\n<tbody>\n<tr>\n<td>50<\/td>\n<td>S\/<\/td>\n<\/tr>\n<tr>\n<td>100<\/td>\n<td>S\/<\/td>\n<\/tr>\n<tr>\n<td>250<\/td>\n<td>S\/<\/td>\n<\/tr>\n<tr>\n<td>500<\/td>\n<td>S\/12.54<\/td>\n<\/tr>\n<tr>\n<td>1000<\/td>\n<td>S\/12.54<\/td>\n<\/tr>\n<tr>\n<td>3000<\/td>\n<td>S\/10.01<\/td>\n<\/tr>\n<tr>\n<td>5000<\/td>\n<td>S\/10.01<\/td>\n<\/tr>\n<\/tbody>\n<\/table>\n","protected":false},"excerpt":{"rendered":"<p>Dale un toque profesional y atractivo a tu marca con nuestra bolsa de Tarpulin 140gr de 39x39x20 cm, perfecta para exhibir tus productos con estilo. Con impresi\u00f3n full color en dos caras y en los laterales, puedes lograr una personalizaci\u00f3n total, asegurando una visibilidad completa de tu dise\u00f1o. Su asa de cinta tejida de nylon ofrece una gran resistencia y comodidad al transportar. Con un acabado de calidad y paquetes de 20 unidades, esta bolsa es la opci\u00f3n ideal para tus necesidades comerciales o eventos. \u00a1Destaca con una opci\u00f3n duradera, funcional y visualmente impactante!<\/p>\n","protected":false},"featured_media":0,"comment_status":"closed","ping_status":"open","template":"","meta":[],"product_brand":[],"product_cat":[71],"product_tag":[],"class_list":{"0":"post-902","1":"product","2":"type-product","3":"status-publish","5":"product_cat-catalogo-2025","6":"sales-flash-overlay","7":"woocommerce-text-align-left","8":"woocommerce-image-align-center","9":"do-quantity-buttons","11":"first","12":"instock","13":"product-type-simple"},"jetpack_sharing_enabled":true,"_links":{"self":[{"href":"https:\/\/bolsasdepapel.com.pe\/tienda\/wp-json\/wp\/v2\/product\/902","targetHints":{"allow":["GET"]}}],"collection":[{"href":"https:\/\/bolsasdepapel.com.pe\/tienda\/wp-json\/wp\/v2\/product"}],"about":[{"href":"https:\/\/bolsasdepapel.com.pe\/tienda\/wp-json\/wp\/v2\/types\/product"}],"replies":[{"embeddable":true,"href":"https:\/\/bolsasdepapel.com.pe\/tienda\/wp-json\/wp\/v2\/comments?post=902"}],"wp:attachment":[{"href":"https:\/\/bolsasdepapel.com.pe\/tienda\/wp-json\/wp\/v2\/media?parent=902"}],"wp:term":[{"taxonomy":"product_brand","embeddable":true,"href":"https:\/\/bolsasdepapel.com.pe\/tienda\/wp-json\/wp\/v2\/product_brand?post=902"},{"taxonomy":"product_cat","embeddable":true,"href":"https:\/\/bolsasdepapel.com.pe\/tienda\/wp-json\/wp\/v2\/product_cat?post=902"},{"taxonomy":"product_tag","embeddable":true,"href":"https:\/\/bolsasdepapel.com.pe\/tienda\/wp-json\/wp\/v2\/product_tag?post=902"}],"curies":[{"name":"wp","href":"https:\/\/api.w.org\/{rel}","templated":true}]}}