{"id":901,"date":"2025-05-03T16:50:15","date_gmt":"2025-05-03T16:50:15","guid":{"rendered":"https:\/\/bolsasdepapel.com.pe\/tienda\/bolsa-tarpulin-393920\/"},"modified":"2025-05-03T16:52:49","modified_gmt":"2025-05-03T16:52:49","slug":"bolsa-tarpulin-393920","status":"publish","type":"product","link":"https:\/\/bolsasdepapel.com.pe\/tienda\/bolsa-tarpulin-393920\/","title":{"rendered":"BOLSA TARPULIN 39*39*20"},"content":{"rendered":"<p>Haz que tu producto destaque con nuestra bolsa de Tarpulin 140gr de 39x39x20 cm, perfecta para brindar durabilidad y un dise\u00f1o llamativo. Con impresi\u00f3n full color en dos caras y un color lateral \u00fanico, esta bolsa es ideal para personalizar con tu logo o mensaje. Su asa de cinta tejida de nylon asegura comodidad y resistencia, mientras que el acabado de calidad garantiza su larga vida \u00fatil. Cada paquete incluye 20 unidades, lo que la convierte en una opci\u00f3n pr\u00e1ctica y elegante para tu negocio o evento. \u00a1La combinaci\u00f3n perfecta de estilo y funcionalidad!<\/p>\n<hr \/>\n<hr \/>\n<h4>\ud83d\udce6 Precios por volumen<\/h4>\n<table>\n<thead>\n<tr>\n<th>Cantidad<\/th>\n<th>Precio unitario<\/th>\n<\/tr>\n<\/thead>\n<tbody>\n<tr>\n<td>50<\/td>\n<td>S\/<\/td>\n<\/tr>\n<tr>\n<td>100<\/td>\n<td>S\/<\/td>\n<\/tr>\n<tr>\n<td>250<\/td>\n<td>S\/<\/td>\n<\/tr>\n<tr>\n<td>500<\/td>\n<td>S\/10.24<\/td>\n<\/tr>\n<tr>\n<td>1000<\/td>\n<td>S\/10.24<\/td>\n<\/tr>\n<tr>\n<td>3000<\/td>\n<td>S\/8.86<\/td>\n<\/tr>\n<tr>\n<td>5000<\/td>\n<td>S\/8.86<\/td>\n<\/tr>\n<\/tbody>\n<\/table>\n","protected":false},"excerpt":{"rendered":"<p>Haz que tu producto destaque con nuestra bolsa de Tarpulin 140gr de 39x39x20 cm, perfecta para brindar durabilidad y un dise\u00f1o llamativo. Con impresi\u00f3n full color en dos caras y un color lateral \u00fanico, esta bolsa es ideal para personalizar con tu logo o mensaje. Su asa de cinta tejida de nylon asegura comodidad y resistencia, mientras que el acabado de calidad garantiza su larga vida \u00fatil. Cada paquete incluye 20 unidades, lo que la convierte en una opci\u00f3n pr\u00e1ctica y elegante para tu negocio o evento. \u00a1La combinaci\u00f3n perfecta de estilo y funcionalidad!<\/p>\n","protected":false},"featured_media":0,"comment_status":"closed","ping_status":"open","template":"","meta":[],"product_brand":[],"product_cat":[71],"product_tag":[],"class_list":{"0":"post-901","1":"product","2":"type-product","3":"status-publish","5":"product_cat-catalogo-2025","6":"sales-flash-overlay","7":"woocommerce-text-align-left","8":"woocommerce-image-align-center","9":"do-quantity-buttons","11":"first","12":"instock","13":"product-type-simple"},"jetpack_sharing_enabled":true,"_links":{"self":[{"href":"https:\/\/bolsasdepapel.com.pe\/tienda\/wp-json\/wp\/v2\/product\/901","targetHints":{"allow":["GET"]}}],"collection":[{"href":"https:\/\/bolsasdepapel.com.pe\/tienda\/wp-json\/wp\/v2\/product"}],"about":[{"href":"https:\/\/bolsasdepapel.com.pe\/tienda\/wp-json\/wp\/v2\/types\/product"}],"replies":[{"embeddable":true,"href":"https:\/\/bolsasdepapel.com.pe\/tienda\/wp-json\/wp\/v2\/comments?post=901"}],"wp:attachment":[{"href":"https:\/\/bolsasdepapel.com.pe\/tienda\/wp-json\/wp\/v2\/media?parent=901"}],"wp:term":[{"taxonomy":"product_brand","embeddable":true,"href":"https:\/\/bolsasdepapel.com.pe\/tienda\/wp-json\/wp\/v2\/product_brand?post=901"},{"taxonomy":"product_cat","embeddable":true,"href":"https:\/\/bolsasdepapel.com.pe\/tienda\/wp-json\/wp\/v2\/product_cat?post=901"},{"taxonomy":"product_tag","embeddable":true,"href":"https:\/\/bolsasdepapel.com.pe\/tienda\/wp-json\/wp\/v2\/product_tag?post=901"}],"curies":[{"name":"wp","href":"https:\/\/api.w.org\/{rel}","templated":true}]}}