{"id":880,"date":"2025-05-03T16:50:15","date_gmt":"2025-05-03T16:50:15","guid":{"rendered":"https:\/\/bolsasdepapel.com.pe\/tienda\/cartera-horizontal-chic\/"},"modified":"2025-05-03T16:51:53","modified_gmt":"2025-05-03T16:51:53","slug":"cartera-horizontal-chic","status":"publish","type":"product","link":"https:\/\/bolsasdepapel.com.pe\/tienda\/cartera-horizontal-chic\/","title":{"rendered":"CARTERA HORIZONTAL CHIC"},"content":{"rendered":"<p>La Bolsa Tocuyo de 20 x 30 x 10 cm es perfecta para presentar tus productos con un toque r\u00fastico y elegante. Fabricada en tocuyo resistente, con asa natural y amplia capacidad gracias a su fuelle de 10 cm, ofrece una presentaci\u00f3n s\u00f3lida y funcional. La impresi\u00f3n full color en una cara le da el espacio ideal para que tu marca destaque con personalidad, y su entrega en paquetes de 20 unidades la hace ideal para ventas, eventos o detalles especiales con estilo propio.<\/p>\n<hr \/>\n<hr \/>\n<h4>\ud83d\udce6 Precios por volumen<\/h4>\n<table>\n<thead>\n<tr>\n<th>Cantidad<\/th>\n<th>Precio unitario<\/th>\n<\/tr>\n<\/thead>\n<tbody>\n<tr>\n<td>50<\/td>\n<td>S\/11.33<\/td>\n<\/tr>\n<tr>\n<td>100<\/td>\n<td>S\/9.74<\/td>\n<\/tr>\n<tr>\n<td>250<\/td>\n<td>S\/9.74<\/td>\n<\/tr>\n<tr>\n<td>500<\/td>\n<td>S\/8.89<\/td>\n<\/tr>\n<tr>\n<td>1000<\/td>\n<td>S\/8.89<\/td>\n<\/tr>\n<tr>\n<td>3000<\/td>\n<td>S\/8.23<\/td>\n<\/tr>\n<tr>\n<td>5000<\/td>\n<td>S\/8.23<\/td>\n<\/tr>\n<\/tbody>\n<\/table>\n","protected":false},"excerpt":{"rendered":"<p>La Bolsa Tocuyo de 20 x 30 x 10 cm es perfecta para presentar tus productos con un toque r\u00fastico y elegante. Fabricada en tocuyo resistente, con asa natural y amplia capacidad gracias a su fuelle de 10 cm, ofrece una presentaci\u00f3n s\u00f3lida y funcional. La impresi\u00f3n full color en una cara le da el espacio ideal para que tu marca destaque con personalidad, y su entrega en paquetes de 20 unidades la hace ideal para ventas, eventos o detalles especiales con estilo propio.<\/p>\n","protected":false},"featured_media":881,"comment_status":"closed","ping_status":"open","template":"","meta":[],"product_brand":[],"product_cat":[71],"product_tag":[],"class_list":{"0":"post-880","1":"product","2":"type-product","3":"status-publish","4":"has-post-thumbnail","6":"product_cat-catalogo-2025","7":"sales-flash-overlay","8":"woocommerce-text-align-left","9":"woocommerce-image-align-center","10":"do-quantity-buttons","11":"wc-has-gallery","13":"first","14":"instock","15":"sale","16":"purchasable","17":"product-type-simple"},"jetpack_sharing_enabled":true,"_links":{"self":[{"href":"https:\/\/bolsasdepapel.com.pe\/tienda\/wp-json\/wp\/v2\/product\/880","targetHints":{"allow":["GET"]}}],"collection":[{"href":"https:\/\/bolsasdepapel.com.pe\/tienda\/wp-json\/wp\/v2\/product"}],"about":[{"href":"https:\/\/bolsasdepapel.com.pe\/tienda\/wp-json\/wp\/v2\/types\/product"}],"replies":[{"embeddable":true,"href":"https:\/\/bolsasdepapel.com.pe\/tienda\/wp-json\/wp\/v2\/comments?post=880"}],"wp:featuredmedia":[{"embeddable":true,"href":"https:\/\/bolsasdepapel.com.pe\/tienda\/wp-json\/wp\/v2\/media\/881"}],"wp:attachment":[{"href":"https:\/\/bolsasdepapel.com.pe\/tienda\/wp-json\/wp\/v2\/media?parent=880"}],"wp:term":[{"taxonomy":"product_brand","embeddable":true,"href":"https:\/\/bolsasdepapel.com.pe\/tienda\/wp-json\/wp\/v2\/product_brand?post=880"},{"taxonomy":"product_cat","embeddable":true,"href":"https:\/\/bolsasdepapel.com.pe\/tienda\/wp-json\/wp\/v2\/product_cat?post=880"},{"taxonomy":"product_tag","embeddable":true,"href":"https:\/\/bolsasdepapel.com.pe\/tienda\/wp-json\/wp\/v2\/product_tag?post=880"}],"curies":[{"name":"wp","href":"https:\/\/api.w.org\/{rel}","templated":true}]}}