{"id":867,"date":"2025-05-03T16:50:15","date_gmt":"2025-05-03T16:50:15","guid":{"rendered":"https:\/\/bolsasdepapel.com.pe\/tienda\/bolso-baguette\/"},"modified":"2025-05-03T16:51:22","modified_gmt":"2025-05-03T16:51:22","slug":"bolso-baguette","status":"publish","type":"product","link":"https:\/\/bolsasdepapel.com.pe\/tienda\/bolso-baguette\/","title":{"rendered":"BOLSO BAGUETTE"},"content":{"rendered":"<p>La Bolsa Tocuyo de 40 x 30 cm combina simplicidad, funcionalidad y una est\u00e9tica natural que conecta con un estilo de vida consciente. Confeccionada en resistente tocuyo y acabada con driza natural, ofrece un dise\u00f1o aut\u00e9ntico que resalta gracias a la impresi\u00f3n full color en una cara. Es ideal para dar visibilidad a tu marca de manera original y sostenible, y se entrega en paquetes de 20 unidades, lista para eventos, promociones o ventas con identidad propia.<\/p>\n<hr \/>\n<hr \/>\n<h4>\ud83d\udce6 Precios por volumen<\/h4>\n<table>\n<thead>\n<tr>\n<th>Cantidad<\/th>\n<th>Precio unitario<\/th>\n<\/tr>\n<\/thead>\n<tbody>\n<tr>\n<td>50<\/td>\n<td>S\/7.48<\/td>\n<\/tr>\n<tr>\n<td>100<\/td>\n<td>S\/6.67<\/td>\n<\/tr>\n<tr>\n<td>250<\/td>\n<td>S\/6.67<\/td>\n<\/tr>\n<tr>\n<td>500<\/td>\n<td>S\/5.98<\/td>\n<\/tr>\n<tr>\n<td>1000<\/td>\n<td>S\/5.98<\/td>\n<\/tr>\n<tr>\n<td>3000<\/td>\n<td>S\/4.49<\/td>\n<\/tr>\n<tr>\n<td>5000<\/td>\n<td>S\/4.49<\/td>\n<\/tr>\n<\/tbody>\n<\/table>\n","protected":false},"excerpt":{"rendered":"<p>La Bolsa Tocuyo de 40 x 30 cm combina simplicidad, funcionalidad y una est\u00e9tica natural que conecta con un estilo de vida consciente. Confeccionada en resistente tocuyo y acabada con driza natural, ofrece un dise\u00f1o aut\u00e9ntico que resalta gracias a la impresi\u00f3n full color en una cara. Es ideal para dar visibilidad a tu marca de manera original y sostenible, y se entrega en paquetes de 20 unidades, lista para eventos, promociones o ventas con identidad propia.<\/p>\n","protected":false},"featured_media":868,"comment_status":"closed","ping_status":"open","template":"","meta":[],"product_brand":[],"product_cat":[71],"product_tag":[],"class_list":{"0":"post-867","1":"product","2":"type-product","3":"status-publish","4":"has-post-thumbnail","6":"product_cat-catalogo-2025","7":"sales-flash-overlay","8":"woocommerce-text-align-left","9":"woocommerce-image-align-center","10":"do-quantity-buttons","11":"wc-has-gallery","13":"first","14":"instock","15":"sale","16":"purchasable","17":"product-type-simple"},"jetpack_sharing_enabled":true,"_links":{"self":[{"href":"https:\/\/bolsasdepapel.com.pe\/tienda\/wp-json\/wp\/v2\/product\/867","targetHints":{"allow":["GET"]}}],"collection":[{"href":"https:\/\/bolsasdepapel.com.pe\/tienda\/wp-json\/wp\/v2\/product"}],"about":[{"href":"https:\/\/bolsasdepapel.com.pe\/tienda\/wp-json\/wp\/v2\/types\/product"}],"replies":[{"embeddable":true,"href":"https:\/\/bolsasdepapel.com.pe\/tienda\/wp-json\/wp\/v2\/comments?post=867"}],"wp:featuredmedia":[{"embeddable":true,"href":"https:\/\/bolsasdepapel.com.pe\/tienda\/wp-json\/wp\/v2\/media\/868"}],"wp:attachment":[{"href":"https:\/\/bolsasdepapel.com.pe\/tienda\/wp-json\/wp\/v2\/media?parent=867"}],"wp:term":[{"taxonomy":"product_brand","embeddable":true,"href":"https:\/\/bolsasdepapel.com.pe\/tienda\/wp-json\/wp\/v2\/product_brand?post=867"},{"taxonomy":"product_cat","embeddable":true,"href":"https:\/\/bolsasdepapel.com.pe\/tienda\/wp-json\/wp\/v2\/product_cat?post=867"},{"taxonomy":"product_tag","embeddable":true,"href":"https:\/\/bolsasdepapel.com.pe\/tienda\/wp-json\/wp\/v2\/product_tag?post=867"}],"curies":[{"name":"wp","href":"https:\/\/api.w.org\/{rel}","templated":true}]}}