{"id":860,"date":"2025-05-03T16:50:15","date_gmt":"2025-05-03T16:50:15","guid":{"rendered":"https:\/\/bolsasdepapel.com.pe\/tienda\/bolsa-tocuyo-doble-asa\/"},"modified":"2025-05-03T16:51:00","modified_gmt":"2025-05-03T16:51:00","slug":"bolsa-tocuyo-doble-asa","status":"publish","type":"product","link":"https:\/\/bolsasdepapel.com.pe\/tienda\/bolsa-tocuyo-doble-asa\/","title":{"rendered":"BOLSA TOCUYO DOBLE ASA"},"content":{"rendered":"<p>La Bolsa Tocuyo de 115 gramos es la opci\u00f3n ideal para quienes buscan una presentaci\u00f3n natural, resistente y con estilo. Con medidas de 40 x 35 cm y una impresi\u00f3n full color en una cara, ofrece un lienzo perfecto para resaltar tu marca con fuerza y claridad. Su asa de cinta natural refuerza su esencia ecol\u00f3gica y artesanal, mientras que su presentaci\u00f3n en paquetes de 20 unidades la hace pr\u00e1ctica y lista para eventos, ventas o promociones. Una bolsa que transmite autenticidad y compromiso desde el primer contacto.<\/p>\n<hr \/>\n<hr \/>\n<h4>\ud83d\udce6 Precios por volumen<\/h4>\n<table>\n<thead>\n<tr>\n<th>Cantidad<\/th>\n<th>Precio unitario<\/th>\n<\/tr>\n<\/thead>\n<tbody>\n<tr>\n<td>50<\/td>\n<td>S\/8.05<\/td>\n<\/tr>\n<tr>\n<td>100<\/td>\n<td>S\/7.22<\/td>\n<\/tr>\n<tr>\n<td>250<\/td>\n<td>S\/7.22<\/td>\n<\/tr>\n<tr>\n<td>500<\/td>\n<td>S\/7.13<\/td>\n<\/tr>\n<tr>\n<td>1000<\/td>\n<td>S\/7.13<\/td>\n<\/tr>\n<tr>\n<td>3000<\/td>\n<td>S\/5.16<\/td>\n<\/tr>\n<tr>\n<td>5000<\/td>\n<td>S\/5.16<\/td>\n<\/tr>\n<\/tbody>\n<\/table>\n","protected":false},"excerpt":{"rendered":"<p>La Bolsa Tocuyo de 115 gramos es la opci\u00f3n ideal para quienes buscan una presentaci\u00f3n natural, resistente y con estilo. Con medidas de 40 x 35 cm y una impresi\u00f3n full color en una cara, ofrece un lienzo perfecto para resaltar tu marca con fuerza y claridad. Su asa de cinta natural refuerza su esencia ecol\u00f3gica y artesanal, mientras que su presentaci\u00f3n en paquetes de 20 unidades la hace pr\u00e1ctica y lista para eventos, ventas o promociones. Una bolsa que transmite autenticidad y compromiso desde el primer contacto.<\/p>\n","protected":false},"featured_media":861,"comment_status":"closed","ping_status":"open","template":"","meta":[],"product_brand":[],"product_cat":[71],"product_tag":[],"class_list":{"0":"post-860","1":"product","2":"type-product","3":"status-publish","4":"has-post-thumbnail","6":"product_cat-catalogo-2025","7":"sales-flash-overlay","8":"woocommerce-text-align-left","9":"woocommerce-image-align-center","10":"do-quantity-buttons","11":"wc-has-gallery","13":"first","14":"instock","15":"sale","16":"purchasable","17":"product-type-simple"},"jetpack_sharing_enabled":true,"_links":{"self":[{"href":"https:\/\/bolsasdepapel.com.pe\/tienda\/wp-json\/wp\/v2\/product\/860","targetHints":{"allow":["GET"]}}],"collection":[{"href":"https:\/\/bolsasdepapel.com.pe\/tienda\/wp-json\/wp\/v2\/product"}],"about":[{"href":"https:\/\/bolsasdepapel.com.pe\/tienda\/wp-json\/wp\/v2\/types\/product"}],"replies":[{"embeddable":true,"href":"https:\/\/bolsasdepapel.com.pe\/tienda\/wp-json\/wp\/v2\/comments?post=860"}],"wp:featuredmedia":[{"embeddable":true,"href":"https:\/\/bolsasdepapel.com.pe\/tienda\/wp-json\/wp\/v2\/media\/861"}],"wp:attachment":[{"href":"https:\/\/bolsasdepapel.com.pe\/tienda\/wp-json\/wp\/v2\/media?parent=860"}],"wp:term":[{"taxonomy":"product_brand","embeddable":true,"href":"https:\/\/bolsasdepapel.com.pe\/tienda\/wp-json\/wp\/v2\/product_brand?post=860"},{"taxonomy":"product_cat","embeddable":true,"href":"https:\/\/bolsasdepapel.com.pe\/tienda\/wp-json\/wp\/v2\/product_cat?post=860"},{"taxonomy":"product_tag","embeddable":true,"href":"https:\/\/bolsasdepapel.com.pe\/tienda\/wp-json\/wp\/v2\/product_tag?post=860"}],"curies":[{"name":"wp","href":"https:\/\/api.w.org\/{rel}","templated":true}]}}