{"id":846,"date":"2025-05-03T16:50:15","date_gmt":"2025-05-03T16:50:15","guid":{"rendered":"https:\/\/bolsasdepapel.com.pe\/tienda\/bolsa-taslan\/"},"modified":"2025-05-03T16:50:15","modified_gmt":"2025-05-03T16:50:15","slug":"bolsa-taslan","status":"publish","type":"product","link":"https:\/\/bolsasdepapel.com.pe\/tienda\/bolsa-taslan\/","title":{"rendered":"BOLSA TASLAN"},"content":{"rendered":"<p>La Bolsa Taslan es mucho m\u00e1s que una bolsa: es una forma impactante de presentar tu marca con estilo y funcionalidad. Fabricada en resistente taslan engomado y con un dise\u00f1o de 40&#215;30 cm, ofrece el espacio ideal para destacar en cualquier ocasi\u00f3n. Su impresi\u00f3n full color a una cara permite que tu imagen brille con fuerza, mientras que el asa de cinta natural aporta un toque aut\u00e9ntico y sostenible. Perfecta para eventos, promociones o ventas especiales, se entrega en pr\u00e1cticos paquetes de 25 unidades, convirti\u00e9ndose en la opci\u00f3n ideal para quienes buscan calidad, presencia y conexi\u00f3n real con su audiencia.<\/p>\n<hr \/>\n<hr \/>\n<h4>\ud83d\udce6 Precios por volumen<\/h4>\n<table>\n<thead>\n<tr>\n<th>Cantidad<\/th>\n<th>Precio unitario<\/th>\n<\/tr>\n<\/thead>\n<tbody>\n<tr>\n<td>50<\/td>\n<td>S\/7.64<\/td>\n<\/tr>\n<tr>\n<td>100<\/td>\n<td>S\/7.06<\/td>\n<\/tr>\n<tr>\n<td>250<\/td>\n<td>S\/7.06<\/td>\n<\/tr>\n<tr>\n<td>500<\/td>\n<td>S\/5.15<\/td>\n<\/tr>\n<tr>\n<td>1000<\/td>\n<td>S\/5.15<\/td>\n<\/tr>\n<tr>\n<td>3000<\/td>\n<td>S\/4.89<\/td>\n<\/tr>\n<tr>\n<td>5000<\/td>\n<td>S\/4.89<\/td>\n<\/tr>\n<\/tbody>\n<\/table>\n","protected":false},"excerpt":{"rendered":"<p>La Bolsa Taslan es mucho m\u00e1s que una bolsa: es una forma impactante de presentar tu marca con estilo y funcionalidad. Fabricada en resistente taslan engomado y con un dise\u00f1o de 40&#215;30 cm, ofrece el espacio ideal para destacar en cualquier ocasi\u00f3n. Su impresi\u00f3n full color a una cara permite que tu imagen brille con fuerza, mientras que el asa de cinta natural aporta un toque aut\u00e9ntico y sostenible. Perfecta para eventos, promociones o ventas especiales, se entrega en pr\u00e1cticos paquetes de 25 unidades, convirti\u00e9ndose en la opci\u00f3n ideal para quienes buscan calidad, presencia y conexi\u00f3n real con su audiencia.<\/p>\n","protected":false},"featured_media":847,"comment_status":"closed","ping_status":"open","template":"","meta":[],"product_brand":[],"product_cat":[71],"product_tag":[],"class_list":{"0":"post-846","1":"product","2":"type-product","3":"status-publish","4":"has-post-thumbnail","6":"product_cat-catalogo-2025","7":"sales-flash-overlay","8":"woocommerce-text-align-left","9":"woocommerce-image-align-center","10":"do-quantity-buttons","11":"wc-has-gallery","13":"first","14":"instock","15":"sale","16":"purchasable","17":"product-type-simple"},"jetpack_sharing_enabled":true,"_links":{"self":[{"href":"https:\/\/bolsasdepapel.com.pe\/tienda\/wp-json\/wp\/v2\/product\/846","targetHints":{"allow":["GET"]}}],"collection":[{"href":"https:\/\/bolsasdepapel.com.pe\/tienda\/wp-json\/wp\/v2\/product"}],"about":[{"href":"https:\/\/bolsasdepapel.com.pe\/tienda\/wp-json\/wp\/v2\/types\/product"}],"replies":[{"embeddable":true,"href":"https:\/\/bolsasdepapel.com.pe\/tienda\/wp-json\/wp\/v2\/comments?post=846"}],"wp:featuredmedia":[{"embeddable":true,"href":"https:\/\/bolsasdepapel.com.pe\/tienda\/wp-json\/wp\/v2\/media\/847"}],"wp:attachment":[{"href":"https:\/\/bolsasdepapel.com.pe\/tienda\/wp-json\/wp\/v2\/media?parent=846"}],"wp:term":[{"taxonomy":"product_brand","embeddable":true,"href":"https:\/\/bolsasdepapel.com.pe\/tienda\/wp-json\/wp\/v2\/product_brand?post=846"},{"taxonomy":"product_cat","embeddable":true,"href":"https:\/\/bolsasdepapel.com.pe\/tienda\/wp-json\/wp\/v2\/product_cat?post=846"},{"taxonomy":"product_tag","embeddable":true,"href":"https:\/\/bolsasdepapel.com.pe\/tienda\/wp-json\/wp\/v2\/product_tag?post=846"}],"curies":[{"name":"wp","href":"https:\/\/api.w.org\/{rel}","templated":true}]}}