{"id":1058,"date":"2025-05-03T17:27:51","date_gmt":"2025-05-03T17:27:51","guid":{"rendered":"https:\/\/bolsasdepapel.com.pe\/tienda\/portalaptop-neopreno\/"},"modified":"2025-05-03T17:28:21","modified_gmt":"2025-05-03T17:28:21","slug":"portalaptop-neopreno","status":"publish","type":"product","link":"https:\/\/bolsasdepapel.com.pe\/tienda\/portalaptop-neopreno\/","title":{"rendered":"PORTALAPTOP -NEOPRENO"},"content":{"rendered":"<p>Haz que tu marca brille con nuestra bolsa de Taslan de 90&#215;40 cm aprox, ideal para llevar grandes vol\u00famenes de productos o promocionar tu marca de manera destacada. Con impresi\u00f3n full color en un solo lado, puedes personalizarla a tu gusto para lograr el impacto visual que necesitas. Viene embolsada en paquetes de 10 unidades, lo que facilita su distribuci\u00f3n y almacenamiento. Perfecta para eventos, ferias o campa\u00f1as publicitarias, esta bolsa es la opci\u00f3n perfecta para combinar funcionalidad con visibilidad para tu marca. \u00a1Lleva tu marca a lo grande!<\/p>\n<hr \/>\n<hr \/>\n<h4>\ud83d\udce6 Precios por volumen<\/h4>\n<table>\n<thead>\n<tr>\n<th>Cantidad<\/th>\n<th>Precio unitario<\/th>\n<\/tr>\n<\/thead>\n<tbody>\n<tr>\n<td>50<\/td>\n<td>S\/10.93<\/td>\n<\/tr>\n<tr>\n<td>100<\/td>\n<td>S\/20.47<\/td>\n<\/tr>\n<tr>\n<td>250<\/td>\n<td>S\/20.47<\/td>\n<\/tr>\n<tr>\n<td>500<\/td>\n<td>S\/16.68<\/td>\n<\/tr>\n<tr>\n<td>1000<\/td>\n<td>S\/16.68<\/td>\n<\/tr>\n<tr>\n<td>3000<\/td>\n<td>S\/12.19<\/td>\n<\/tr>\n<tr>\n<td>5000<\/td>\n<td>S\/12.19<\/td>\n<\/tr>\n<\/tbody>\n<\/table>\n","protected":false},"excerpt":{"rendered":"<p>Haz que tu marca brille con nuestra bolsa de Taslan de 90&#215;40 cm aprox, ideal para llevar grandes vol\u00famenes de productos o promocionar tu marca de manera destacada. Con impresi\u00f3n full color en un solo lado, puedes personalizarla a tu gusto para lograr el impacto visual que necesitas. Viene embolsada en paquetes de 10 unidades, lo que facilita su distribuci\u00f3n y almacenamiento. Perfecta para eventos, ferias o campa\u00f1as publicitarias, esta bolsa es la opci\u00f3n perfecta para combinar funcionalidad con visibilidad para tu marca. \u00a1Lleva tu marca a lo grande!<\/p>\n","protected":false},"featured_media":1059,"comment_status":"closed","ping_status":"open","template":"","meta":[],"product_brand":[],"product_cat":[71],"product_tag":[],"class_list":{"0":"post-1058","1":"product","2":"type-product","3":"status-publish","4":"has-post-thumbnail","6":"product_cat-catalogo-2025","7":"sales-flash-overlay","8":"woocommerce-text-align-left","9":"woocommerce-image-align-center","10":"do-quantity-buttons","11":"wc-has-gallery","13":"first","14":"instock","15":"purchasable","16":"product-type-simple"},"jetpack_sharing_enabled":true,"_links":{"self":[{"href":"https:\/\/bolsasdepapel.com.pe\/tienda\/wp-json\/wp\/v2\/product\/1058","targetHints":{"allow":["GET"]}}],"collection":[{"href":"https:\/\/bolsasdepapel.com.pe\/tienda\/wp-json\/wp\/v2\/product"}],"about":[{"href":"https:\/\/bolsasdepapel.com.pe\/tienda\/wp-json\/wp\/v2\/types\/product"}],"replies":[{"embeddable":true,"href":"https:\/\/bolsasdepapel.com.pe\/tienda\/wp-json\/wp\/v2\/comments?post=1058"}],"wp:featuredmedia":[{"embeddable":true,"href":"https:\/\/bolsasdepapel.com.pe\/tienda\/wp-json\/wp\/v2\/media\/1059"}],"wp:attachment":[{"href":"https:\/\/bolsasdepapel.com.pe\/tienda\/wp-json\/wp\/v2\/media?parent=1058"}],"wp:term":[{"taxonomy":"product_brand","embeddable":true,"href":"https:\/\/bolsasdepapel.com.pe\/tienda\/wp-json\/wp\/v2\/product_brand?post=1058"},{"taxonomy":"product_cat","embeddable":true,"href":"https:\/\/bolsasdepapel.com.pe\/tienda\/wp-json\/wp\/v2\/product_cat?post=1058"},{"taxonomy":"product_tag","embeddable":true,"href":"https:\/\/bolsasdepapel.com.pe\/tienda\/wp-json\/wp\/v2\/product_tag?post=1058"}],"curies":[{"name":"wp","href":"https:\/\/api.w.org\/{rel}","templated":true}]}}