{"id":1052,"date":"2025-05-03T17:27:51","date_gmt":"2025-05-03T17:27:51","guid":{"rendered":"https:\/\/bolsasdepapel.com.pe\/tienda\/lonchera-neopreno\/"},"modified":"2025-05-03T17:28:18","modified_gmt":"2025-05-03T17:28:18","slug":"lonchera-neopreno","status":"publish","type":"product","link":"https:\/\/bolsasdepapel.com.pe\/tienda\/lonchera-neopreno\/","title":{"rendered":"LONCHERA NEOPRENO"},"content":{"rendered":"<p>Haz que tu marca se vea en grande con nuestra bolsa de Taslan de 90&#215;40 cm aprox, perfecta para eventos, promociones o ventas. Con impresi\u00f3n full color en un solo lado, tendr\u00e1s la oportunidad de personalizarla con tu logo o mensaje para una visibilidad impactante. Viene embolsada en paquetes de 10 unidades, lo que facilita su almacenamiento y distribuci\u00f3n. Esta bolsa combina tama\u00f1o, resistencia y visibilidad, ofreciendo una opci\u00f3n pr\u00e1ctica y atractiva para hacer destacar tu marca de manera efectiva.<\/p>\n<hr \/>\n<hr \/>\n<h4>\ud83d\udce6 Precios por volumen<\/h4>\n<table>\n<thead>\n<tr>\n<th>Cantidad<\/th>\n<th>Precio unitario<\/th>\n<\/tr>\n<\/thead>\n<tbody>\n<tr>\n<td>50<\/td>\n<td>S\/10.93<\/td>\n<\/tr>\n<tr>\n<td>100<\/td>\n<td>S\/20.47<\/td>\n<\/tr>\n<tr>\n<td>250<\/td>\n<td>S\/20.47<\/td>\n<\/tr>\n<tr>\n<td>500<\/td>\n<td>S\/16.68<\/td>\n<\/tr>\n<tr>\n<td>1000<\/td>\n<td>S\/16.68<\/td>\n<\/tr>\n<tr>\n<td>3000<\/td>\n<td>S\/12.19<\/td>\n<\/tr>\n<tr>\n<td>5000<\/td>\n<td>S\/12.19<\/td>\n<\/tr>\n<\/tbody>\n<\/table>\n","protected":false},"excerpt":{"rendered":"<p>Haz que tu marca se vea en grande con nuestra bolsa de Taslan de 90&#215;40 cm aprox, perfecta para eventos, promociones o ventas. Con impresi\u00f3n full color en un solo lado, tendr\u00e1s la oportunidad de personalizarla con tu logo o mensaje para una visibilidad impactante. Viene embolsada en paquetes de 10 unidades, lo que facilita su almacenamiento y distribuci\u00f3n. Esta bolsa combina tama\u00f1o, resistencia y visibilidad, ofreciendo una opci\u00f3n pr\u00e1ctica y atractiva para hacer destacar tu marca de manera efectiva.<\/p>\n","protected":false},"featured_media":1053,"comment_status":"closed","ping_status":"open","template":"","meta":[],"product_brand":[],"product_cat":[71],"product_tag":[],"class_list":{"0":"post-1052","1":"product","2":"type-product","3":"status-publish","4":"has-post-thumbnail","6":"product_cat-catalogo-2025","7":"sales-flash-overlay","8":"woocommerce-text-align-left","9":"woocommerce-image-align-center","10":"do-quantity-buttons","11":"wc-has-gallery","13":"first","14":"instock","15":"purchasable","16":"product-type-simple"},"jetpack_sharing_enabled":true,"_links":{"self":[{"href":"https:\/\/bolsasdepapel.com.pe\/tienda\/wp-json\/wp\/v2\/product\/1052","targetHints":{"allow":["GET"]}}],"collection":[{"href":"https:\/\/bolsasdepapel.com.pe\/tienda\/wp-json\/wp\/v2\/product"}],"about":[{"href":"https:\/\/bolsasdepapel.com.pe\/tienda\/wp-json\/wp\/v2\/types\/product"}],"replies":[{"embeddable":true,"href":"https:\/\/bolsasdepapel.com.pe\/tienda\/wp-json\/wp\/v2\/comments?post=1052"}],"wp:featuredmedia":[{"embeddable":true,"href":"https:\/\/bolsasdepapel.com.pe\/tienda\/wp-json\/wp\/v2\/media\/1053"}],"wp:attachment":[{"href":"https:\/\/bolsasdepapel.com.pe\/tienda\/wp-json\/wp\/v2\/media?parent=1052"}],"wp:term":[{"taxonomy":"product_brand","embeddable":true,"href":"https:\/\/bolsasdepapel.com.pe\/tienda\/wp-json\/wp\/v2\/product_brand?post=1052"},{"taxonomy":"product_cat","embeddable":true,"href":"https:\/\/bolsasdepapel.com.pe\/tienda\/wp-json\/wp\/v2\/product_cat?post=1052"},{"taxonomy":"product_tag","embeddable":true,"href":"https:\/\/bolsasdepapel.com.pe\/tienda\/wp-json\/wp\/v2\/product_tag?post=1052"}],"curies":[{"name":"wp","href":"https:\/\/api.w.org\/{rel}","templated":true}]}}