{"id":1048,"date":"2025-05-03T17:27:51","date_gmt":"2025-05-03T17:27:51","guid":{"rendered":"https:\/\/bolsasdepapel.com.pe\/tienda\/mandil-taslan\/"},"modified":"2025-05-03T17:27:51","modified_gmt":"2025-05-03T17:27:51","slug":"mandil-taslan","status":"publish","type":"product","link":"https:\/\/bolsasdepapel.com.pe\/tienda\/mandil-taslan\/","title":{"rendered":"MANDIL TASLAN"},"content":{"rendered":"<p>Lleva tu marca al siguiente nivel con nuestra bolsa de Taslan de 90&#215;40 cm aprox, ideal para aquellos que buscan una opci\u00f3n amplia y resistente. Con impresi\u00f3n a todo color en un solo lado, puedes personalizarla con tu logo o dise\u00f1o de manera vibrante y detallada. Viene embolsada en paquetes de 10 unidades, facilitando su almacenamiento y distribuci\u00f3n. Perfecta para eventos, promociones o ventas al por mayor, esta bolsa combina gran tama\u00f1o, funcionalidad y visibilidad para tu marca. \u00a1Una opci\u00f3n que garantiza destacar!<\/p>\n<hr \/>\n<hr \/>\n<h4>\ud83d\udce6 Precios por volumen<\/h4>\n<table>\n<thead>\n<tr>\n<th>Cantidad<\/th>\n<th>Precio unitario<\/th>\n<\/tr>\n<\/thead>\n<tbody>\n<tr>\n<td>50<\/td>\n<td>S\/10.93<\/td>\n<\/tr>\n<tr>\n<td>100<\/td>\n<td>S\/20.47<\/td>\n<\/tr>\n<tr>\n<td>250<\/td>\n<td>S\/20.47<\/td>\n<\/tr>\n<tr>\n<td>500<\/td>\n<td>S\/16.68<\/td>\n<\/tr>\n<tr>\n<td>1000<\/td>\n<td>S\/16.68<\/td>\n<\/tr>\n<tr>\n<td>3000<\/td>\n<td>S\/12.19<\/td>\n<\/tr>\n<tr>\n<td>5000<\/td>\n<td>S\/12.19<\/td>\n<\/tr>\n<\/tbody>\n<\/table>\n","protected":false},"excerpt":{"rendered":"<p>Lleva tu marca al siguiente nivel con nuestra bolsa de Taslan de 90&#215;40 cm aprox, ideal para aquellos que buscan una opci\u00f3n amplia y resistente. Con impresi\u00f3n a todo color en un solo lado, puedes personalizarla con tu logo o dise\u00f1o de manera vibrante y detallada. Viene embolsada en paquetes de 10 unidades, facilitando su almacenamiento y distribuci\u00f3n. Perfecta para eventos, promociones o ventas al por mayor, esta bolsa combina gran tama\u00f1o, funcionalidad y visibilidad para tu marca. \u00a1Una opci\u00f3n que garantiza destacar!<\/p>\n","protected":false},"featured_media":1049,"comment_status":"closed","ping_status":"open","template":"","meta":[],"product_brand":[],"product_cat":[71],"product_tag":[],"class_list":{"0":"post-1048","1":"product","2":"type-product","3":"status-publish","4":"has-post-thumbnail","6":"product_cat-catalogo-2025","7":"sales-flash-overlay","8":"woocommerce-text-align-left","9":"woocommerce-image-align-center","10":"do-quantity-buttons","11":"wc-has-gallery","13":"first","14":"instock","15":"purchasable","16":"product-type-simple"},"jetpack_sharing_enabled":true,"_links":{"self":[{"href":"https:\/\/bolsasdepapel.com.pe\/tienda\/wp-json\/wp\/v2\/product\/1048","targetHints":{"allow":["GET"]}}],"collection":[{"href":"https:\/\/bolsasdepapel.com.pe\/tienda\/wp-json\/wp\/v2\/product"}],"about":[{"href":"https:\/\/bolsasdepapel.com.pe\/tienda\/wp-json\/wp\/v2\/types\/product"}],"replies":[{"embeddable":true,"href":"https:\/\/bolsasdepapel.com.pe\/tienda\/wp-json\/wp\/v2\/comments?post=1048"}],"wp:featuredmedia":[{"embeddable":true,"href":"https:\/\/bolsasdepapel.com.pe\/tienda\/wp-json\/wp\/v2\/media\/1049"}],"wp:attachment":[{"href":"https:\/\/bolsasdepapel.com.pe\/tienda\/wp-json\/wp\/v2\/media?parent=1048"}],"wp:term":[{"taxonomy":"product_brand","embeddable":true,"href":"https:\/\/bolsasdepapel.com.pe\/tienda\/wp-json\/wp\/v2\/product_brand?post=1048"},{"taxonomy":"product_cat","embeddable":true,"href":"https:\/\/bolsasdepapel.com.pe\/tienda\/wp-json\/wp\/v2\/product_cat?post=1048"},{"taxonomy":"product_tag","embeddable":true,"href":"https:\/\/bolsasdepapel.com.pe\/tienda\/wp-json\/wp\/v2\/product_tag?post=1048"}],"curies":[{"name":"wp","href":"https:\/\/api.w.org\/{rel}","templated":true}]}}