{"id":1040,"date":"2025-05-03T17:24:54","date_gmt":"2025-05-03T17:24:54","guid":{"rendered":"https:\/\/bolsasdepapel.com.pe\/tienda\/franela-para-auto\/"},"modified":"2025-05-03T17:26:13","modified_gmt":"2025-05-03T17:26:13","slug":"franela-para-auto","status":"publish","type":"product","link":"https:\/\/bolsasdepapel.com.pe\/tienda\/franela-para-auto\/","title":{"rendered":"FRANELA PARA AUTO"},"content":{"rendered":"<p>Eleva la presencia de tu marca con nuestras toallas de microfibra de 32&#215;32 cm, perfectas para personalizar con impresi\u00f3n en un solo color en un lado. Estas toallas son ideales para promocionar tu logo o mensaje de manera funcional y elegante. Vienen embolsadas en paquetes de 25 unidades, garantizando una distribuci\u00f3n pr\u00e1ctica y ordenada. Son perfectas para eventos, regalos corporativos o ventas al por mayor, ofreciendo calidad y un toque \u00fanico para tu marca. \u00a1Comodidad y estilo en cada detalle!<\/p>\n<hr \/>\n<hr \/>\n<h4>\ud83d\udce6 Precios por volumen<\/h4>\n<table>\n<thead>\n<tr>\n<th>Cantidad<\/th>\n<th>Precio unitario<\/th>\n<\/tr>\n<\/thead>\n<tbody>\n<tr>\n<td>50<\/td>\n<td>S\/<\/td>\n<\/tr>\n<tr>\n<td>100<\/td>\n<td>S\/<\/td>\n<\/tr>\n<tr>\n<td>250<\/td>\n<td>S\/<\/td>\n<\/tr>\n<tr>\n<td>500<\/td>\n<td>S\/2.76<\/td>\n<\/tr>\n<tr>\n<td>1000<\/td>\n<td>S\/2.76<\/td>\n<\/tr>\n<tr>\n<td>3000<\/td>\n<td>S\/2.28<\/td>\n<\/tr>\n<tr>\n<td>5000<\/td>\n<td>S\/2.28<\/td>\n<\/tr>\n<\/tbody>\n<\/table>\n","protected":false},"excerpt":{"rendered":"<p>Eleva la presencia de tu marca con nuestras toallas de microfibra de 32&#215;32 cm, perfectas para personalizar con impresi\u00f3n en un solo color en un lado. Estas toallas son ideales para promocionar tu logo o mensaje de manera funcional y elegante. Vienen embolsadas en paquetes de 25 unidades, garantizando una distribuci\u00f3n pr\u00e1ctica y ordenada. Son perfectas para eventos, regalos corporativos o ventas al por mayor, ofreciendo calidad y un toque \u00fanico para tu marca. \u00a1Comodidad y estilo en cada detalle!<\/p>\n","protected":false},"featured_media":1041,"comment_status":"closed","ping_status":"open","template":"","meta":[],"product_brand":[],"product_cat":[71],"product_tag":[],"class_list":{"0":"post-1040","1":"product","2":"type-product","3":"status-publish","4":"has-post-thumbnail","6":"product_cat-catalogo-2025","7":"sales-flash-overlay","8":"woocommerce-text-align-left","9":"woocommerce-image-align-center","10":"do-quantity-buttons","11":"wc-has-gallery","13":"first","14":"instock","15":"product-type-simple"},"jetpack_sharing_enabled":true,"_links":{"self":[{"href":"https:\/\/bolsasdepapel.com.pe\/tienda\/wp-json\/wp\/v2\/product\/1040","targetHints":{"allow":["GET"]}}],"collection":[{"href":"https:\/\/bolsasdepapel.com.pe\/tienda\/wp-json\/wp\/v2\/product"}],"about":[{"href":"https:\/\/bolsasdepapel.com.pe\/tienda\/wp-json\/wp\/v2\/types\/product"}],"replies":[{"embeddable":true,"href":"https:\/\/bolsasdepapel.com.pe\/tienda\/wp-json\/wp\/v2\/comments?post=1040"}],"wp:featuredmedia":[{"embeddable":true,"href":"https:\/\/bolsasdepapel.com.pe\/tienda\/wp-json\/wp\/v2\/media\/1041"}],"wp:attachment":[{"href":"https:\/\/bolsasdepapel.com.pe\/tienda\/wp-json\/wp\/v2\/media?parent=1040"}],"wp:term":[{"taxonomy":"product_brand","embeddable":true,"href":"https:\/\/bolsasdepapel.com.pe\/tienda\/wp-json\/wp\/v2\/product_brand?post=1040"},{"taxonomy":"product_cat","embeddable":true,"href":"https:\/\/bolsasdepapel.com.pe\/tienda\/wp-json\/wp\/v2\/product_cat?post=1040"},{"taxonomy":"product_tag","embeddable":true,"href":"https:\/\/bolsasdepapel.com.pe\/tienda\/wp-json\/wp\/v2\/product_tag?post=1040"}],"curies":[{"name":"wp","href":"https:\/\/api.w.org\/{rel}","templated":true}]}}