{"id":1035,"date":"2025-05-03T17:24:54","date_gmt":"2025-05-03T17:24:54","guid":{"rendered":"https:\/\/bolsasdepapel.com.pe\/tienda\/bolsa-de-basura-para-auto\/"},"modified":"2025-05-03T17:24:54","modified_gmt":"2025-05-03T17:24:54","slug":"bolsa-de-basura-para-auto","status":"publish","type":"product","link":"https:\/\/bolsasdepapel.com.pe\/tienda\/bolsa-de-basura-para-auto\/","title":{"rendered":"BOLSA DE BASURA PARA AUTO"},"content":{"rendered":"<p>Destaca tu marca con nuestras bolsas de Notex de 30&#215;18 cm, ideales para promocionar tu producto con un toque pr\u00e1ctico y econ\u00f3mico. Con impresi\u00f3n en un solo color en un lado, puedes personalizarla f\u00e1cilmente con tu logo o mensaje. Cada paquete contiene 50 unidades, embolsadas de manera ordenada para su distribuci\u00f3n o entrega. Perfectas para eventos, ventas al por mayor o promociones, estas bolsas son una opci\u00f3n funcional y accesible para dar visibilidad a tu marca de manera efectiva.<\/p>\n<hr \/>\n<hr \/>\n<h4>\ud83d\udce6 Precios por volumen<\/h4>\n<table>\n<thead>\n<tr>\n<th>Cantidad<\/th>\n<th>Precio unitario<\/th>\n<\/tr>\n<\/thead>\n<tbody>\n<tr>\n<td>50<\/td>\n<td>S\/<\/td>\n<\/tr>\n<tr>\n<td>100<\/td>\n<td>S\/<\/td>\n<\/tr>\n<tr>\n<td>250<\/td>\n<td>S\/<\/td>\n<\/tr>\n<tr>\n<td>500<\/td>\n<td>S\/2.76<\/td>\n<\/tr>\n<tr>\n<td>1000<\/td>\n<td>S\/2.76<\/td>\n<\/tr>\n<tr>\n<td>3000<\/td>\n<td>S\/2.28<\/td>\n<\/tr>\n<tr>\n<td>5000<\/td>\n<td>S\/2.28<\/td>\n<\/tr>\n<\/tbody>\n<\/table>\n","protected":false},"excerpt":{"rendered":"<p>Destaca tu marca con nuestras bolsas de Notex de 30&#215;18 cm, ideales para promocionar tu producto con un toque pr\u00e1ctico y econ\u00f3mico. Con impresi\u00f3n en un solo color en un lado, puedes personalizarla f\u00e1cilmente con tu logo o mensaje. Cada paquete contiene 50 unidades, embolsadas de manera ordenada para su distribuci\u00f3n o entrega. Perfectas para eventos, ventas al por mayor o promociones, estas bolsas son una opci\u00f3n funcional y accesible para dar visibilidad a tu marca de manera efectiva.<\/p>\n","protected":false},"featured_media":1036,"comment_status":"closed","ping_status":"open","template":"","meta":[],"product_brand":[],"product_cat":[71],"product_tag":[],"class_list":{"0":"post-1035","1":"product","2":"type-product","3":"status-publish","4":"has-post-thumbnail","6":"product_cat-catalogo-2025","7":"sales-flash-overlay","8":"woocommerce-text-align-left","9":"woocommerce-image-align-center","10":"do-quantity-buttons","11":"wc-has-gallery","13":"first","14":"instock","15":"product-type-simple"},"jetpack_sharing_enabled":true,"_links":{"self":[{"href":"https:\/\/bolsasdepapel.com.pe\/tienda\/wp-json\/wp\/v2\/product\/1035","targetHints":{"allow":["GET"]}}],"collection":[{"href":"https:\/\/bolsasdepapel.com.pe\/tienda\/wp-json\/wp\/v2\/product"}],"about":[{"href":"https:\/\/bolsasdepapel.com.pe\/tienda\/wp-json\/wp\/v2\/types\/product"}],"replies":[{"embeddable":true,"href":"https:\/\/bolsasdepapel.com.pe\/tienda\/wp-json\/wp\/v2\/comments?post=1035"}],"wp:featuredmedia":[{"embeddable":true,"href":"https:\/\/bolsasdepapel.com.pe\/tienda\/wp-json\/wp\/v2\/media\/1036"}],"wp:attachment":[{"href":"https:\/\/bolsasdepapel.com.pe\/tienda\/wp-json\/wp\/v2\/media?parent=1035"}],"wp:term":[{"taxonomy":"product_brand","embeddable":true,"href":"https:\/\/bolsasdepapel.com.pe\/tienda\/wp-json\/wp\/v2\/product_brand?post=1035"},{"taxonomy":"product_cat","embeddable":true,"href":"https:\/\/bolsasdepapel.com.pe\/tienda\/wp-json\/wp\/v2\/product_cat?post=1035"},{"taxonomy":"product_tag","embeddable":true,"href":"https:\/\/bolsasdepapel.com.pe\/tienda\/wp-json\/wp\/v2\/product_tag?post=1035"}],"curies":[{"name":"wp","href":"https:\/\/api.w.org\/{rel}","templated":true}]}}