{"id":1025,"date":"2025-05-03T17:14:05","date_gmt":"2025-05-03T17:14:05","guid":{"rendered":"https:\/\/bolsasdepapel.com.pe\/tienda\/polo-publicitario-premium\/"},"modified":"2025-05-03T17:16:06","modified_gmt":"2025-05-03T17:16:06","slug":"polo-publicitario-premium","status":"publish","type":"product","link":"https:\/\/bolsasdepapel.com.pe\/tienda\/polo-publicitario-premium\/","title":{"rendered":"POLO PUBLICITARIO PREMIUM"},"content":{"rendered":"<p>Luce tu marca con estilo y confort con nuestra camiseta de algod\u00f3n, disponible en tallas S, M, L. Con impresi\u00f3n en un solo color en un lado, es perfecta para personalizar con tu logo o dise\u00f1o. Adem\u00e1s, cada camiseta viene embolsada individualmente, garantizando una presentaci\u00f3n profesional y lista para entregar. Ideal para promociones, eventos o ventas al por mayor, es una opci\u00f3n pr\u00e1ctica y de calidad para destacar tu marca de manera accesible y c\u00f3moda.<\/p>\n<hr \/>\n<hr \/>\n<h4>\ud83d\udce6 Precios por volumen<\/h4>\n<table>\n<thead>\n<tr>\n<th>Cantidad<\/th>\n<th>Precio unitario<\/th>\n<\/tr>\n<\/thead>\n<tbody>\n<tr>\n<td>50<\/td>\n<td>S\/32.2<\/td>\n<\/tr>\n<tr>\n<td>100<\/td>\n<td>S\/28.18<\/td>\n<\/tr>\n<tr>\n<td>250<\/td>\n<td>S\/28.18<\/td>\n<\/tr>\n<tr>\n<td>500<\/td>\n<td>S\/23<\/td>\n<\/tr>\n<tr>\n<td>1000<\/td>\n<td>S\/23<\/td>\n<\/tr>\n<tr>\n<td>3000<\/td>\n<td>S\/<\/td>\n<\/tr>\n<tr>\n<td>5000<\/td>\n<td>S\/<\/td>\n<\/tr>\n<\/tbody>\n<\/table>\n","protected":false},"excerpt":{"rendered":"<p>Luce tu marca con estilo y confort con nuestra camiseta de algod\u00f3n, disponible en tallas S, M, L. Con impresi\u00f3n en un solo color en un lado, es perfecta para personalizar con tu logo o dise\u00f1o. Adem\u00e1s, cada camiseta viene embolsada individualmente, garantizando una presentaci\u00f3n profesional y lista para entregar. Ideal para promociones, eventos o ventas al por mayor, es una opci\u00f3n pr\u00e1ctica y de calidad para destacar tu marca de manera accesible y c\u00f3moda.<\/p>\n","protected":false},"featured_media":1026,"comment_status":"closed","ping_status":"open","template":"","meta":[],"product_brand":[],"product_cat":[71],"product_tag":[],"class_list":{"0":"post-1025","1":"product","2":"type-product","3":"status-publish","4":"has-post-thumbnail","6":"product_cat-catalogo-2025","7":"sales-flash-overlay","8":"woocommerce-text-align-left","9":"woocommerce-image-align-center","10":"do-quantity-buttons","11":"wc-has-gallery","13":"first","14":"instock","15":"purchasable","16":"product-type-simple"},"jetpack_sharing_enabled":true,"_links":{"self":[{"href":"https:\/\/bolsasdepapel.com.pe\/tienda\/wp-json\/wp\/v2\/product\/1025","targetHints":{"allow":["GET"]}}],"collection":[{"href":"https:\/\/bolsasdepapel.com.pe\/tienda\/wp-json\/wp\/v2\/product"}],"about":[{"href":"https:\/\/bolsasdepapel.com.pe\/tienda\/wp-json\/wp\/v2\/types\/product"}],"replies":[{"embeddable":true,"href":"https:\/\/bolsasdepapel.com.pe\/tienda\/wp-json\/wp\/v2\/comments?post=1025"}],"wp:featuredmedia":[{"embeddable":true,"href":"https:\/\/bolsasdepapel.com.pe\/tienda\/wp-json\/wp\/v2\/media\/1026"}],"wp:attachment":[{"href":"https:\/\/bolsasdepapel.com.pe\/tienda\/wp-json\/wp\/v2\/media?parent=1025"}],"wp:term":[{"taxonomy":"product_brand","embeddable":true,"href":"https:\/\/bolsasdepapel.com.pe\/tienda\/wp-json\/wp\/v2\/product_brand?post=1025"},{"taxonomy":"product_cat","embeddable":true,"href":"https:\/\/bolsasdepapel.com.pe\/tienda\/wp-json\/wp\/v2\/product_cat?post=1025"},{"taxonomy":"product_tag","embeddable":true,"href":"https:\/\/bolsasdepapel.com.pe\/tienda\/wp-json\/wp\/v2\/product_tag?post=1025"}],"curies":[{"name":"wp","href":"https:\/\/api.w.org\/{rel}","templated":true}]}}