{"id":1018,"date":"2025-05-03T17:14:05","date_gmt":"2025-05-03T17:14:05","guid":{"rendered":"https:\/\/bolsasdepapel.com.pe\/tienda\/polo-publicitario-basico\/"},"modified":"2025-05-03T17:15:43","modified_gmt":"2025-05-03T17:15:43","slug":"polo-publicitario-basico","status":"publish","type":"product","link":"https:\/\/bolsasdepapel.com.pe\/tienda\/polo-publicitario-basico\/","title":{"rendered":"POLO PUBLICITARIO BASICO"},"content":{"rendered":"<p>Destaca con estilo y comodidad con nuestra camiseta de algod\u00f3n, disponible en tallas S, M, L, perfecta para cualquier evento o promoci\u00f3n. Con impresi\u00f3n en un solo color en un lado, puedes personalizarla f\u00e1cilmente con tu logo o dise\u00f1o. Cada camiseta viene embolsada individualmente, asegurando una presentaci\u00f3n profesional y lista para entregar. Ideal para campa\u00f1as publicitarias, merchandising o dotaciones corporativas. \u00a1Una opci\u00f3n c\u00f3moda, de alta calidad y totalmente personalizable para tu marca!<\/p>\n<hr \/>\n<hr \/>\n<h4>\ud83d\udce6 Precios por volumen<\/h4>\n<table>\n<thead>\n<tr>\n<th>Cantidad<\/th>\n<th>Precio unitario<\/th>\n<\/tr>\n<\/thead>\n<tbody>\n<tr>\n<td>50<\/td>\n<td>S\/20.7<\/td>\n<\/tr>\n<tr>\n<td>100<\/td>\n<td>S\/17.25<\/td>\n<\/tr>\n<tr>\n<td>250<\/td>\n<td>S\/17.25<\/td>\n<\/tr>\n<tr>\n<td>500<\/td>\n<td>S\/15.53<\/td>\n<\/tr>\n<tr>\n<td>1000<\/td>\n<td>S\/15.53<\/td>\n<\/tr>\n<tr>\n<td>3000<\/td>\n<td>S\/13.8<\/td>\n<\/tr>\n<tr>\n<td>5000<\/td>\n<td>S\/13.8<\/td>\n<\/tr>\n<\/tbody>\n<\/table>\n","protected":false},"excerpt":{"rendered":"<p>Destaca con estilo y comodidad con nuestra camiseta de algod\u00f3n, disponible en tallas S, M, L, perfecta para cualquier evento o promoci\u00f3n. Con impresi\u00f3n en un solo color en un lado, puedes personalizarla f\u00e1cilmente con tu logo o dise\u00f1o. Cada camiseta viene embolsada individualmente, asegurando una presentaci\u00f3n profesional y lista para entregar. Ideal para campa\u00f1as publicitarias, merchandising o dotaciones corporativas. \u00a1Una opci\u00f3n c\u00f3moda, de alta calidad y totalmente personalizable para tu marca!<\/p>\n","protected":false},"featured_media":1019,"comment_status":"closed","ping_status":"open","template":"","meta":[],"product_brand":[],"product_cat":[71],"product_tag":[],"class_list":{"0":"post-1018","1":"product","2":"type-product","3":"status-publish","4":"has-post-thumbnail","6":"product_cat-catalogo-2025","7":"sales-flash-overlay","8":"woocommerce-text-align-left","9":"woocommerce-image-align-center","10":"do-quantity-buttons","11":"wc-has-gallery","13":"first","14":"instock","15":"sale","16":"purchasable","17":"product-type-simple"},"jetpack_sharing_enabled":true,"_links":{"self":[{"href":"https:\/\/bolsasdepapel.com.pe\/tienda\/wp-json\/wp\/v2\/product\/1018","targetHints":{"allow":["GET"]}}],"collection":[{"href":"https:\/\/bolsasdepapel.com.pe\/tienda\/wp-json\/wp\/v2\/product"}],"about":[{"href":"https:\/\/bolsasdepapel.com.pe\/tienda\/wp-json\/wp\/v2\/types\/product"}],"replies":[{"embeddable":true,"href":"https:\/\/bolsasdepapel.com.pe\/tienda\/wp-json\/wp\/v2\/comments?post=1018"}],"wp:featuredmedia":[{"embeddable":true,"href":"https:\/\/bolsasdepapel.com.pe\/tienda\/wp-json\/wp\/v2\/media\/1019"}],"wp:attachment":[{"href":"https:\/\/bolsasdepapel.com.pe\/tienda\/wp-json\/wp\/v2\/media?parent=1018"}],"wp:term":[{"taxonomy":"product_brand","embeddable":true,"href":"https:\/\/bolsasdepapel.com.pe\/tienda\/wp-json\/wp\/v2\/product_brand?post=1018"},{"taxonomy":"product_cat","embeddable":true,"href":"https:\/\/bolsasdepapel.com.pe\/tienda\/wp-json\/wp\/v2\/product_cat?post=1018"},{"taxonomy":"product_tag","embeddable":true,"href":"https:\/\/bolsasdepapel.com.pe\/tienda\/wp-json\/wp\/v2\/product_tag?post=1018"}],"curies":[{"name":"wp","href":"https:\/\/api.w.org\/{rel}","templated":true}]}}